{"id":1220,"date":"2023-09-20T16:32:49","date_gmt":"2023-09-20T16:32:49","guid":{"rendered":"https:\/\/guidesi.ch\/2023\/fuehrungen\/"},"modified":"2023-09-28T08:22:09","modified_gmt":"2023-09-28T08:22:09","slug":"fuehrungen","status":"publish","type":"page","link":"https:\/\/guidesi.ch\/de\/fuehrungen\/","title":{"rendered":"F\u00dcHRUNGEN"},"content":{"rendered":"\t\t<div data-elementor-type=\"wp-page\" data-elementor-id=\"1220\" class=\"elementor elementor-1220 elementor-1200\" data-elementor-post-type=\"page\">\n\t\t\t\t<div class=\"elementor-element elementor-element-2d1bbae e-flex e-con-boxed e-con e-parent\" data-id=\"2d1bbae\" data-element_type=\"container\" data-e-type=\"container\">\n\t\t\t\t\t<div class=\"e-con-inner\">\n\t\t<div class=\"elementor-element elementor-element-803f18e e-con-full e-flex e-con e-child\" data-id=\"803f18e\" data-element_type=\"container\" data-e-type=\"container\">\n\t\t\t\t<div class=\"elementor-element elementor-element-c014a62 elementor-widget elementor-widget-text-editor\" data-id=\"c014a62\" data-element_type=\"widget\" data-e-type=\"widget\" data-widget_type=\"text-editor.default\">\n\t\t\t\t<div class=\"elementor-widget-container\">\n\t\t\t\t\t\t\t\t\t<p>Eine Auswahl unserer beliebtesten <b>Touren<\/b> in Tessin: <b>Bellinzona, Locarno, Lugano, Mendrisio und Alpent\u00e4ler<\/b>. In den meisten F\u00e4llen finden sie im historischen Zentrum unserer St\u00e4dte und D\u00f6rfer statt. In anderen F\u00e4llen richten sich die F\u00fchrungen speziell an Kirchen oder historische Denkm\u00e4ler. Jede Tour kann f\u00fcr private Gruppen personalisiert werden, um spezifische W\u00fcnsche zu erf\u00fcllen.   <\/p>\n<p><span style=\"font-style: inherit; font-weight: inherit; color: var( --e-global-color-text ); font-family: var( --e-global-typography-text-font-family ), Sans-serif; text-align: var(--text-align); background-color: var(--ast-global-color-5);\">Einige F\u00fchrungen unternehmen die Gebiete von Bellinzona, Lugano, Locarno, Mendrisio und Misox. Dazu geh\u00f6ren leichte <strong>Wanderungen<\/strong> sowie echte <strong>Ausfl\u00fcge<\/strong> zu Fu\u00df, auf verschiedenen Gel\u00e4ndearten, die von Schotterstra\u00dfen bis hin zu gepflegten Wanderwegen reichen, manchmal steil und\/oder felsig. Diese Touren k\u00f6nnen geeignete Kleidung erfordern. Ihr Leitfaden wird zus\u00e4tzliche Informationen zur Verf\u00fcgung stellen.   <\/span><\/p>\n<p>Auf Wunsch k\u00f6nnen wir <strong>Touren<\/strong> zu bestimmten Themen organisieren. Einige mit einem historischen, kulturellen oder aeno-gastronomischen Aspekt, andere f\u00fcr Familien. Jede Tour kann an spezifische W\u00fcnsche angepasst werden und sie k\u00f6nnen geeignete Kleidung erfordern. Ihr Guide wird Sie in dieser Angelegenheit beraten.  <\/p>\n\t\t\t\t\t\t\t\t<\/div>\n\t\t\t\t<\/div>\n\t\t\t\t<\/div>\n\t\t<div class=\"elementor-element elementor-element-da877e6 e-con-full e-flex e-con e-child\" data-id=\"da877e6\" data-element_type=\"container\" data-e-type=\"container\">\n\t\t\t\t<div class=\"elementor-element elementor-element-a4b20a5 elementor-widget elementor-widget-heading\" data-id=\"a4b20a5\" data-element_type=\"widget\" data-e-type=\"widget\" data-widget_type=\"heading.default\">\n\t\t\t\t<div class=\"elementor-widget-container\">\n\t\t\t\t\t<h2 class=\"elementor-heading-title elementor-size-default\">INFO<\/h2>\t\t\t\t<\/div>\n\t\t\t\t<\/div>\n\t\t\t\t<div class=\"elementor-element elementor-element-cd65831 elementor-icon-list--layout-traditional elementor-list-item-link-full_width elementor-widget elementor-widget-icon-list\" data-id=\"cd65831\" data-element_type=\"widget\" data-e-type=\"widget\" data-widget_type=\"icon-list.default\">\n\t\t\t\t<div class=\"elementor-widget-container\">\n\t\t\t\t\t\t\t<ul class=\"elementor-icon-list-items\">\n\t\t\t\t\t\t\t<li class=\"elementor-icon-list-item\">\n\t\t\t\t\t\t\t\t\t\t\t<a href=\"mailto:info@guidesi.ch\">\n\n\t\t\t\t\t\t\t\t\t\t\t\t<span class=\"elementor-icon-list-icon\">\n\t\t\t\t\t\t\t<i aria-hidden=\"true\" class=\"fas fa-envelope\"><\/i>\t\t\t\t\t\t<\/span>\n\t\t\t\t\t\t\t\t\t\t<span class=\"elementor-icon-list-text\">info@guidesi.ch<\/span>\n\t\t\t\t\t\t\t\t\t\t\t<\/a>\n\t\t\t\t\t\t\t\t\t<\/li>\n\t\t\t\t\t\t<\/ul>\n\t\t\t\t\t\t<\/div>\n\t\t\t\t<\/div>\n\t\t\t\t<div class=\"elementor-element elementor-element-62b0d63 elementor-align-left elementor-mobile-align-left elementor-widget elementor-widget-button\" data-id=\"62b0d63\" data-element_type=\"widget\" data-e-type=\"widget\" data-widget_type=\"button.default\">\n\t\t\t\t<div class=\"elementor-widget-container\">\n\t\t\t\t\t\t\t\t\t<div class=\"elementor-button-wrapper\">\n\t\t\t\t\t<a class=\"elementor-button elementor-button-link elementor-size-sm elementor-animation-grow\" href=\"https:\/\/guidesi.ch\/de\/faq-haeufig-fragen\/\">\n\t\t\t\t\t\t<span class=\"elementor-button-content-wrapper\">\n\t\t\t\t\t\t\t\t\t<span class=\"elementor-button-text\">FAQ - H\u00e4ufig Fragen<\/span>\n\t\t\t\t\t<\/span>\n\t\t\t\t\t<\/a>\n\t\t\t\t<\/div>\n\t\t\t\t\t\t\t\t<\/div>\n\t\t\t\t<\/div>\n\t\t\t\t<\/div>\n\t\t\t\t\t<\/div>\n\t\t\t\t<\/div>\n\t\t<div class=\"elementor-element elementor-element-dc0661a e-flex e-con-boxed e-con e-parent\" data-id=\"dc0661a\" data-element_type=\"container\" data-e-type=\"container\">\n\t\t\t\t\t<div class=\"e-con-inner\">\n\t\t\t\t<div class=\"elementor-element elementor-element-0e8f6d8 elementor-widget elementor-widget-heading\" data-id=\"0e8f6d8\" data-element_type=\"widget\" data-e-type=\"widget\" data-widget_type=\"heading.default\">\n\t\t\t\t<div class=\"elementor-widget-container\">\n\t\t\t\t\t<h2 class=\"elementor-heading-title elementor-size-default\">TOUR<\/h2>\t\t\t\t<\/div>\n\t\t\t\t<\/div>\n\t\t\t\t\t<\/div>\n\t\t\t\t<\/div>\n\t\t<div class=\"elementor-element elementor-element-f6b1a9f e-flex e-con-boxed e-con e-parent\" data-id=\"f6b1a9f\" data-element_type=\"container\" data-e-type=\"container\">\n\t\t\t\t\t<div class=\"e-con-inner\">\n\t\t\t\t\t<\/div>\n\t\t\t\t<\/div>\n\t\t\t\t<\/div>\n\t\t","protected":false},"excerpt":{"rendered":"<p>Eine Auswahl unserer beliebtesten Touren in Tessin: Bellinzona, Locarno, Lugano, Mendrisio und Alpent\u00e4ler. In den meisten F\u00e4llen finden sie im historischen Zentrum unserer St\u00e4dte und D\u00f6rfer statt. In anderen F\u00e4llen richten sich die F\u00fchrungen speziell an Kirchen oder historische Denkm\u00e4ler. Jede Tour kann f\u00fcr private Gruppen personalisiert werden, um spezifische W\u00fcnsche zu erf\u00fcllen. Einige F\u00fchrungen [&hellip;]<\/p>\n","protected":false},"author":1,"featured_media":0,"parent":0,"menu_order":0,"comment_status":"closed","ping_status":"closed","template":"","meta":{"site-sidebar-layout":"no-sidebar","site-content-layout":"","ast-site-content-layout":"full-width-container","site-content-style":"default","site-sidebar-style":"default","ast-global-header-display":"","ast-banner-title-visibility":"","ast-main-header-display":"","ast-hfb-above-header-display":"","ast-hfb-below-header-display":"","ast-hfb-mobile-header-display":"","site-post-title":"disabled","ast-breadcrumbs-content":"","ast-featured-img":"disabled","footer-sml-layout":"","ast-disable-related-posts":"","theme-transparent-header-meta":"","adv-header-id-meta":"","stick-header-meta":"","header-above-stick-meta":"","header-main-stick-meta":"","header-below-stick-meta":"","astra-migrate-meta-layouts":"default","ast-page-background-enabled":"default","ast-page-background-meta":{"desktop":{"background-color":"var(--ast-global-color-4)","background-image":"","background-repeat":"repeat","background-position":"center center","background-size":"auto","background-attachment":"scroll","background-type":"","background-media":"","overlay-type":"","overlay-color":"","overlay-opacity":"","overlay-gradient":""},"tablet":{"background-color":"","background-image":"","background-repeat":"repeat","background-position":"center center","background-size":"auto","background-attachment":"scroll","background-type":"","background-media":"","overlay-type":"","overlay-color":"","overlay-opacity":"","overlay-gradient":""},"mobile":{"background-color":"","background-image":"","background-repeat":"repeat","background-position":"center center","background-size":"auto","background-attachment":"scroll","background-type":"","background-media":"","overlay-type":"","overlay-color":"","overlay-opacity":"","overlay-gradient":""}},"ast-content-background-meta":{"desktop":{"background-color":"var(--ast-global-color-5)","background-image":"","background-repeat":"repeat","background-position":"center center","background-size":"auto","background-attachment":"scroll","background-type":"","background-media":"","overlay-type":"","overlay-color":"","overlay-opacity":"","overlay-gradient":""},"tablet":{"background-color":"var(--ast-global-color-5)","background-image":"","background-repeat":"repeat","background-position":"center center","background-size":"auto","background-attachment":"scroll","background-type":"","background-media":"","overlay-type":"","overlay-color":"","overlay-opacity":"","overlay-gradient":""},"mobile":{"background-color":"var(--ast-global-color-5)","background-image":"","background-repeat":"repeat","background-position":"center center","background-size":"auto","background-attachment":"scroll","background-type":"","background-media":"","overlay-type":"","overlay-color":"","overlay-opacity":"","overlay-gradient":""}},"footnotes":""},"class_list":["post-1220","page","type-page","status-publish","hentry"],"yoast_head":"<!-- This site is optimized with the Yoast SEO plugin v27.4 - https:\/\/yoast.com\/product\/yoast-seo-wordpress\/ -->\n<title>Visite turistiche guidate nella Svizzera Italiana<\/title>\n<meta name=\"description\" content=\"Gef\u00fchrte Touren in der italienischen Schweiz, im Tessin und in der Mesolcina, mit professionellen Reiseleitern. Lugano-Locarno-Bellinzona-Mendrisio-UNESCO-St\u00e4tten-Alpent\u00e4ler\" \/>\n<meta name=\"robots\" content=\"index, follow, max-snippet:-1, max-image-preview:large, max-video-preview:-1\" \/>\n<link rel=\"canonical\" href=\"https:\/\/guidesi.ch\/visite-guidate\/\" \/>\n<meta property=\"og:locale\" content=\"de_DE\" \/>\n<meta property=\"og:type\" content=\"article\" \/>\n<meta property=\"og:title\" content=\"Visite turistiche guidate nella Svizzera Italiana\" \/>\n<meta property=\"og:description\" content=\"Gef\u00fchrte Touren in der italienischen Schweiz, im Tessin und in der Mesolcina, mit professionellen Reiseleitern. Lugano-Locarno-Bellinzona-Mendrisio-UNESCO-St\u00e4tten-Alpent\u00e4ler\" \/>\n<meta property=\"og:url\" content=\"https:\/\/guidesi.ch\/visite-guidate\/\" \/>\n<meta property=\"og:site_name\" content=\"GuideSi\" \/>\n<meta property=\"article:modified_time\" content=\"2023-09-28T08:22:09+00:00\" \/>\n<meta name=\"twitter:card\" content=\"summary_large_image\" \/>\n<meta name=\"twitter:label1\" content=\"Gesch\u00e4tzte Lesezeit\" \/>\n\t<meta name=\"twitter:data1\" content=\"1\u00a0Minute\" \/>\n<script type=\"application\/ld+json\" class=\"yoast-schema-graph\">{\"@context\":\"https:\\\/\\\/schema.org\",\"@graph\":[{\"@type\":\"WebPage\",\"@id\":\"https:\\\/\\\/guidesi.ch\\\/visite-guidate\\\/\",\"url\":\"https:\\\/\\\/guidesi.ch\\\/visite-guidate\\\/\",\"name\":\"Visite turistiche guidate nella Svizzera Italiana\",\"isPartOf\":{\"@id\":\"https:\\\/\\\/guidesi.ch\\\/#website\"},\"datePublished\":\"2023-09-20T16:32:49+00:00\",\"dateModified\":\"2023-09-28T08:22:09+00:00\",\"description\":\"Gef\u00fchrte Touren in der italienischen Schweiz, im Tessin und in der Mesolcina, mit professionellen Reiseleitern. Lugano-Locarno-Bellinzona-Mendrisio-UNESCO-St\u00e4tten-Alpent\u00e4ler\",\"breadcrumb\":{\"@id\":\"https:\\\/\\\/guidesi.ch\\\/visite-guidate\\\/#breadcrumb\"},\"inLanguage\":\"de\",\"potentialAction\":[{\"@type\":\"ReadAction\",\"target\":[\"https:\\\/\\\/guidesi.ch\\\/visite-guidate\\\/\"]}]},{\"@type\":\"BreadcrumbList\",\"@id\":\"https:\\\/\\\/guidesi.ch\\\/visite-guidate\\\/#breadcrumb\",\"itemListElement\":[{\"@type\":\"ListItem\",\"position\":1,\"name\":\"Home\",\"item\":\"https:\\\/\\\/guidesi.ch\\\/\"},{\"@type\":\"ListItem\",\"position\":2,\"name\":\"F\u00dcHRUNGEN\"}]},{\"@type\":\"WebSite\",\"@id\":\"https:\\\/\\\/guidesi.ch\\\/#website\",\"url\":\"https:\\\/\\\/guidesi.ch\\\/\",\"name\":\"GuideSi\",\"description\":\"Guide Turistiche della Svizzera Italiana\",\"publisher\":{\"@id\":\"https:\\\/\\\/guidesi.ch\\\/#organization\"},\"potentialAction\":[{\"@type\":\"SearchAction\",\"target\":{\"@type\":\"EntryPoint\",\"urlTemplate\":\"https:\\\/\\\/guidesi.ch\\\/?s={search_term_string}\"},\"query-input\":{\"@type\":\"PropertyValueSpecification\",\"valueRequired\":true,\"valueName\":\"search_term_string\"}}],\"inLanguage\":\"de\"},{\"@type\":\"Organization\",\"@id\":\"https:\\\/\\\/guidesi.ch\\\/#organization\",\"name\":\"GuideSi\",\"url\":\"https:\\\/\\\/guidesi.ch\\\/\",\"logo\":{\"@type\":\"ImageObject\",\"inLanguage\":\"de\",\"@id\":\"https:\\\/\\\/guidesi.ch\\\/#\\\/schema\\\/logo\\\/image\\\/\",\"url\":\"https:\\\/\\\/guidesi.ch\\\/2023\\\/wp-content\\\/uploads\\\/2023\\\/09\\\/400x120_guidesi_logo.png\",\"contentUrl\":\"https:\\\/\\\/guidesi.ch\\\/2023\\\/wp-content\\\/uploads\\\/2023\\\/09\\\/400x120_guidesi_logo.png\",\"width\":400,\"height\":120,\"caption\":\"GuideSi\"},\"image\":{\"@id\":\"https:\\\/\\\/guidesi.ch\\\/#\\\/schema\\\/logo\\\/image\\\/\"}}]}<\/script>\n<!-- \/ Yoast SEO plugin. -->","yoast_head_json":{"title":"Visite turistiche guidate nella Svizzera Italiana","description":"Gef\u00fchrte Touren in der italienischen Schweiz, im Tessin und in der Mesolcina, mit professionellen Reiseleitern. Lugano-Locarno-Bellinzona-Mendrisio-UNESCO-St\u00e4tten-Alpent\u00e4ler","robots":{"index":"index","follow":"follow","max-snippet":"max-snippet:-1","max-image-preview":"max-image-preview:large","max-video-preview":"max-video-preview:-1"},"canonical":"https:\/\/guidesi.ch\/visite-guidate\/","og_locale":"de_DE","og_type":"article","og_title":"Visite turistiche guidate nella Svizzera Italiana","og_description":"Gef\u00fchrte Touren in der italienischen Schweiz, im Tessin und in der Mesolcina, mit professionellen Reiseleitern. Lugano-Locarno-Bellinzona-Mendrisio-UNESCO-St\u00e4tten-Alpent\u00e4ler","og_url":"https:\/\/guidesi.ch\/visite-guidate\/","og_site_name":"GuideSi","article_modified_time":"2023-09-28T08:22:09+00:00","twitter_card":"summary_large_image","twitter_misc":{"Gesch\u00e4tzte Lesezeit":"1\u00a0Minute"},"schema":{"@context":"https:\/\/schema.org","@graph":[{"@type":"WebPage","@id":"https:\/\/guidesi.ch\/visite-guidate\/","url":"https:\/\/guidesi.ch\/visite-guidate\/","name":"Visite turistiche guidate nella Svizzera Italiana","isPartOf":{"@id":"https:\/\/guidesi.ch\/#website"},"datePublished":"2023-09-20T16:32:49+00:00","dateModified":"2023-09-28T08:22:09+00:00","description":"Gef\u00fchrte Touren in der italienischen Schweiz, im Tessin und in der Mesolcina, mit professionellen Reiseleitern. Lugano-Locarno-Bellinzona-Mendrisio-UNESCO-St\u00e4tten-Alpent\u00e4ler","breadcrumb":{"@id":"https:\/\/guidesi.ch\/visite-guidate\/#breadcrumb"},"inLanguage":"de","potentialAction":[{"@type":"ReadAction","target":["https:\/\/guidesi.ch\/visite-guidate\/"]}]},{"@type":"BreadcrumbList","@id":"https:\/\/guidesi.ch\/visite-guidate\/#breadcrumb","itemListElement":[{"@type":"ListItem","position":1,"name":"Home","item":"https:\/\/guidesi.ch\/"},{"@type":"ListItem","position":2,"name":"F\u00dcHRUNGEN"}]},{"@type":"WebSite","@id":"https:\/\/guidesi.ch\/#website","url":"https:\/\/guidesi.ch\/","name":"GuideSi","description":"Guide Turistiche della Svizzera Italiana","publisher":{"@id":"https:\/\/guidesi.ch\/#organization"},"potentialAction":[{"@type":"SearchAction","target":{"@type":"EntryPoint","urlTemplate":"https:\/\/guidesi.ch\/?s={search_term_string}"},"query-input":{"@type":"PropertyValueSpecification","valueRequired":true,"valueName":"search_term_string"}}],"inLanguage":"de"},{"@type":"Organization","@id":"https:\/\/guidesi.ch\/#organization","name":"GuideSi","url":"https:\/\/guidesi.ch\/","logo":{"@type":"ImageObject","inLanguage":"de","@id":"https:\/\/guidesi.ch\/#\/schema\/logo\/image\/","url":"https:\/\/guidesi.ch\/2023\/wp-content\/uploads\/2023\/09\/400x120_guidesi_logo.png","contentUrl":"https:\/\/guidesi.ch\/2023\/wp-content\/uploads\/2023\/09\/400x120_guidesi_logo.png","width":400,"height":120,"caption":"GuideSi"},"image":{"@id":"https:\/\/guidesi.ch\/#\/schema\/logo\/image\/"}}]}},"_links":{"self":[{"href":"https:\/\/guidesi.ch\/de\/wp-json\/wp\/v2\/pages\/1220","targetHints":{"allow":["GET"]}}],"collection":[{"href":"https:\/\/guidesi.ch\/de\/wp-json\/wp\/v2\/pages"}],"about":[{"href":"https:\/\/guidesi.ch\/de\/wp-json\/wp\/v2\/types\/page"}],"author":[{"embeddable":true,"href":"https:\/\/guidesi.ch\/de\/wp-json\/wp\/v2\/users\/1"}],"replies":[{"embeddable":true,"href":"https:\/\/guidesi.ch\/de\/wp-json\/wp\/v2\/comments?post=1220"}],"version-history":[{"count":9,"href":"https:\/\/guidesi.ch\/de\/wp-json\/wp\/v2\/pages\/1220\/revisions"}],"predecessor-version":[{"id":3748,"href":"https:\/\/guidesi.ch\/de\/wp-json\/wp\/v2\/pages\/1220\/revisions\/3748"}],"wp:attachment":[{"href":"https:\/\/guidesi.ch\/de\/wp-json\/wp\/v2\/media?parent=1220"}],"curies":[{"name":"wp","href":"https:\/\/api.w.org\/{rel}","templated":true}]}}