{"id":1407,"date":"2023-09-22T13:57:54","date_gmt":"2023-09-22T13:57:54","guid":{"rendered":"https:\/\/guidesi.ch\/2023\/fuehrungen-bellinzona-und-umgebung\/"},"modified":"2023-09-27T10:30:18","modified_gmt":"2023-09-27T10:30:18","slug":"fuehrungen-bellinzona-und-umgebung","status":"publish","type":"page","link":"https:\/\/guidesi.ch\/de\/fuehrungen-bellinzona-und-umgebung\/","title":{"rendered":"BELLINZONA UND UMGEBUNG"},"content":{"rendered":"\t\t<div data-elementor-type=\"wp-page\" data-elementor-id=\"1407\" class=\"elementor elementor-1407 elementor-1392\" data-elementor-post-type=\"page\">\n\t\t\t\t<div class=\"elementor-element elementor-element-4ffa53af e-flex e-con-boxed e-con e-parent\" data-id=\"4ffa53af\" data-element_type=\"container\" data-e-type=\"container\">\n\t\t\t\t\t<div class=\"e-con-inner\">\n\t\t\t\t<div class=\"elementor-element elementor-element-014ef0c elementor-widget elementor-widget-image\" data-id=\"014ef0c\" data-element_type=\"widget\" data-e-type=\"widget\" data-widget_type=\"image.default\">\n\t\t\t\t<div class=\"elementor-widget-container\">\n\t\t\t\t\t\t\t\t\t\t\t\t\t\t\t<img fetchpriority=\"high\" decoding=\"async\" width=\"1400\" height=\"700\" src=\"https:\/\/guidesi.ch\/2023\/wp-content\/uploads\/2023\/09\/1400x700_territorio_bellinzona.jpg\" class=\"attachment-full size-full wp-image-1467\" alt=\"\" srcset=\"https:\/\/guidesi.ch\/2023\/wp-content\/uploads\/2023\/09\/1400x700_territorio_bellinzona.jpg 1400w, https:\/\/guidesi.ch\/2023\/wp-content\/uploads\/2023\/09\/1400x700_territorio_bellinzona-300x150.jpg 300w, https:\/\/guidesi.ch\/2023\/wp-content\/uploads\/2023\/09\/1400x700_territorio_bellinzona-1024x512.jpg 1024w, https:\/\/guidesi.ch\/2023\/wp-content\/uploads\/2023\/09\/1400x700_territorio_bellinzona-768x384.jpg 768w\" sizes=\"(max-width: 1400px) 100vw, 1400px\" \/>\t\t\t\t\t\t\t\t\t\t\t\t\t\t\t<\/div>\n\t\t\t\t<\/div>\n\t\t\t\t\t<\/div>\n\t\t\t\t<\/div>\n\t\t<div class=\"elementor-element elementor-element-9ac1b4a e-flex e-con-boxed e-con e-parent\" data-id=\"9ac1b4a\" data-element_type=\"container\" data-e-type=\"container\">\n\t\t\t\t\t<div class=\"e-con-inner\">\n\t\t\t\t<div class=\"elementor-element elementor-element-7d1c89e elementor-widget elementor-widget-text-editor\" data-id=\"7d1c89e\" data-element_type=\"widget\" data-e-type=\"widget\" data-widget_type=\"text-editor.default\">\n\t\t\t\t<div class=\"elementor-widget-container\">\n\t\t\t\t\t\t\t\t\t<p>In der Vergangenheit galt die Stadt Bellinzona als \u201eTor zu den Alpen\u201c aus dem S\u00fcden und als \u201eEingang zu Italien\u201c von Norden gesehen. Noch heute liegt sie strategisch g\u00fcnstig am Fu\u00dfe der Alpen positioniert und an der Kreuzung zwischen der lateinischen und germanischen Welt. Die sch\u00f6ne Altstadt, mit einem Netz von gepflasterten Stra\u00dfen und schmale Saumpfade, lombardische Innenh\u00f6fe und elegante Patrizierh\u00e4user, strahlt einen au\u00dfergew\u00f6hnlichen mittelalterlichen Charme und ein starkes Gef\u00fchl von Intimit\u00e4t aus. Eine vibrierende Energie dringt in sie hinein w\u00e4hrend des Samstagmarktes, wo bunte St\u00e4nde lokale typische Produkte anbieten. Seine drei pr\u00e4chtige Schl\u00f6sser geh\u00f6ren zum UNESCO-Weltkulturerbe.   <\/p>\n\t\t\t\t\t\t\t\t<\/div>\n\t\t\t\t<\/div>\n\t\t\t\t\t<\/div>\n\t\t\t\t<\/div>\n\t\t<div class=\"elementor-element elementor-element-7fa0bf93 e-flex e-con-boxed e-con e-parent\" data-id=\"7fa0bf93\" data-element_type=\"container\" data-e-type=\"container\">\n\t\t\t\t\t<div class=\"e-con-inner\">\n\t\t\t\t\t<\/div>\n\t\t\t\t<\/div>\n\t\t\t\t<\/div>\n\t\t","protected":false},"excerpt":{"rendered":"<p>In der Vergangenheit galt die Stadt Bellinzona als \u201eTor zu den Alpen\u201c aus dem S\u00fcden und als \u201eEingang zu Italien\u201c von Norden gesehen. Noch heute liegt sie strategisch g\u00fcnstig am Fu\u00dfe der Alpen positioniert und an der Kreuzung zwischen der lateinischen und germanischen Welt. Die sch\u00f6ne Altstadt, mit einem Netz von gepflasterten Stra\u00dfen und schmale [&hellip;]<\/p>\n","protected":false},"author":1,"featured_media":0,"parent":0,"menu_order":0,"comment_status":"closed","ping_status":"closed","template":"elementor_header_footer","meta":{"site-sidebar-layout":"no-sidebar","site-content-layout":"","ast-site-content-layout":"default","site-content-style":"default","site-sidebar-style":"default","ast-global-header-display":"","ast-banner-title-visibility":"","ast-main-header-display":"","ast-hfb-above-header-display":"","ast-hfb-below-header-display":"","ast-hfb-mobile-header-display":"","site-post-title":"disabled","ast-breadcrumbs-content":"","ast-featured-img":"disabled","footer-sml-layout":"","ast-disable-related-posts":"","theme-transparent-header-meta":"","adv-header-id-meta":"","stick-header-meta":"","header-above-stick-meta":"","header-main-stick-meta":"","header-below-stick-meta":"","astra-migrate-meta-layouts":"default","ast-page-background-enabled":"default","ast-page-background-meta":{"desktop":{"background-color":"var(--ast-global-color-4)","background-image":"","background-repeat":"repeat","background-position":"center center","background-size":"auto","background-attachment":"scroll","background-type":"","background-media":"","overlay-type":"","overlay-color":"","overlay-opacity":"","overlay-gradient":""},"tablet":{"background-color":"","background-image":"","background-repeat":"repeat","background-position":"center center","background-size":"auto","background-attachment":"scroll","background-type":"","background-media":"","overlay-type":"","overlay-color":"","overlay-opacity":"","overlay-gradient":""},"mobile":{"background-color":"","background-image":"","background-repeat":"repeat","background-position":"center center","background-size":"auto","background-attachment":"scroll","background-type":"","background-media":"","overlay-type":"","overlay-color":"","overlay-opacity":"","overlay-gradient":""}},"ast-content-background-meta":{"desktop":{"background-color":"var(--ast-global-color-5)","background-image":"","background-repeat":"repeat","background-position":"center center","background-size":"auto","background-attachment":"scroll","background-type":"","background-media":"","overlay-type":"","overlay-color":"","overlay-opacity":"","overlay-gradient":""},"tablet":{"background-color":"var(--ast-global-color-5)","background-image":"","background-repeat":"repeat","background-position":"center center","background-size":"auto","background-attachment":"scroll","background-type":"","background-media":"","overlay-type":"","overlay-color":"","overlay-opacity":"","overlay-gradient":""},"mobile":{"background-color":"var(--ast-global-color-5)","background-image":"","background-repeat":"repeat","background-position":"center center","background-size":"auto","background-attachment":"scroll","background-type":"","background-media":"","overlay-type":"","overlay-color":"","overlay-opacity":"","overlay-gradient":""}},"footnotes":""},"class_list":["post-1407","page","type-page","status-publish","hentry"],"yoast_head":"<!-- This site is optimized with the Yoast SEO plugin v27.4 - https:\/\/yoast.com\/product\/yoast-seo-wordpress\/ -->\n<title>F\u00dcHRUNGEN BELLINZONA UND UMGEBUNG<\/title>\n<meta name=\"description\" content=\"Visite guidate ed escursioni a Bellinzona e dintorni: nel cuore della Svizzera Italiana, crocevia di storia, arte, cultura e un ambiente naturale meraviglioso. I tre castelli patrimonio UNESCO.\" \/>\n<meta name=\"robots\" content=\"index, follow, max-snippet:-1, max-image-preview:large, max-video-preview:-1\" \/>\n<link rel=\"canonical\" href=\"https:\/\/guidesi.ch\/visite-gudate-a-bellinzona-e-dintorni\/\" \/>\n<meta property=\"og:locale\" content=\"de_DE\" \/>\n<meta property=\"og:type\" content=\"article\" \/>\n<meta property=\"og:title\" content=\"F\u00dcHRUNGEN BELLINZONA UND UMGEBUNG\" \/>\n<meta property=\"og:description\" content=\"Visite guidate ed escursioni a Bellinzona e dintorni: nel cuore della Svizzera Italiana, crocevia di storia, arte, cultura e un ambiente naturale meraviglioso. I tre castelli patrimonio UNESCO.\" \/>\n<meta property=\"og:url\" content=\"https:\/\/guidesi.ch\/visite-gudate-a-bellinzona-e-dintorni\/\" \/>\n<meta property=\"og:site_name\" content=\"GuideSi\" \/>\n<meta property=\"article:modified_time\" content=\"2023-09-27T10:30:18+00:00\" \/>\n<meta property=\"og:image\" content=\"https:\/\/guidesi.ch\/2023\/wp-content\/uploads\/2023\/09\/1400x700_territorio_bellinzona.jpg\" \/>\n<meta name=\"twitter:card\" content=\"summary_large_image\" \/>\n<meta name=\"twitter:label1\" content=\"Gesch\u00e4tzte Lesezeit\" \/>\n\t<meta name=\"twitter:data1\" content=\"1\u00a0Minute\" \/>\n<script type=\"application\/ld+json\" class=\"yoast-schema-graph\">{\"@context\":\"https:\\\/\\\/schema.org\",\"@graph\":[{\"@type\":\"WebPage\",\"@id\":\"https:\\\/\\\/guidesi.ch\\\/visite-gudate-a-bellinzona-e-dintorni\\\/\",\"url\":\"https:\\\/\\\/guidesi.ch\\\/visite-gudate-a-bellinzona-e-dintorni\\\/\",\"name\":\"F\u00dcHRUNGEN BELLINZONA UND UMGEBUNG\",\"isPartOf\":{\"@id\":\"https:\\\/\\\/guidesi.ch\\\/#website\"},\"primaryImageOfPage\":{\"@id\":\"https:\\\/\\\/guidesi.ch\\\/visite-gudate-a-bellinzona-e-dintorni\\\/#primaryimage\"},\"image\":{\"@id\":\"https:\\\/\\\/guidesi.ch\\\/visite-gudate-a-bellinzona-e-dintorni\\\/#primaryimage\"},\"thumbnailUrl\":\"https:\\\/\\\/guidesi.ch\\\/2023\\\/wp-content\\\/uploads\\\/2023\\\/09\\\/1400x700_territorio_bellinzona.jpg\",\"datePublished\":\"2023-09-22T13:57:54+00:00\",\"dateModified\":\"2023-09-27T10:30:18+00:00\",\"description\":\"Visite guidate ed escursioni a Bellinzona e dintorni: nel cuore della Svizzera Italiana, crocevia di storia, arte, cultura e un ambiente naturale meraviglioso. I tre castelli patrimonio UNESCO.\",\"breadcrumb\":{\"@id\":\"https:\\\/\\\/guidesi.ch\\\/visite-gudate-a-bellinzona-e-dintorni\\\/#breadcrumb\"},\"inLanguage\":\"de\",\"potentialAction\":[{\"@type\":\"ReadAction\",\"target\":[\"https:\\\/\\\/guidesi.ch\\\/visite-gudate-a-bellinzona-e-dintorni\\\/\"]}]},{\"@type\":\"ImageObject\",\"inLanguage\":\"de\",\"@id\":\"https:\\\/\\\/guidesi.ch\\\/visite-gudate-a-bellinzona-e-dintorni\\\/#primaryimage\",\"url\":\"https:\\\/\\\/guidesi.ch\\\/2023\\\/wp-content\\\/uploads\\\/2023\\\/09\\\/1400x700_territorio_bellinzona.jpg\",\"contentUrl\":\"https:\\\/\\\/guidesi.ch\\\/2023\\\/wp-content\\\/uploads\\\/2023\\\/09\\\/1400x700_territorio_bellinzona.jpg\"},{\"@type\":\"BreadcrumbList\",\"@id\":\"https:\\\/\\\/guidesi.ch\\\/visite-gudate-a-bellinzona-e-dintorni\\\/#breadcrumb\",\"itemListElement\":[{\"@type\":\"ListItem\",\"position\":1,\"name\":\"Home\",\"item\":\"https:\\\/\\\/guidesi.ch\\\/\"},{\"@type\":\"ListItem\",\"position\":2,\"name\":\"BELLINZONA UND UMGEBUNG\"}]},{\"@type\":\"WebSite\",\"@id\":\"https:\\\/\\\/guidesi.ch\\\/#website\",\"url\":\"https:\\\/\\\/guidesi.ch\\\/\",\"name\":\"GuideSi\",\"description\":\"Guide Turistiche della Svizzera Italiana\",\"publisher\":{\"@id\":\"https:\\\/\\\/guidesi.ch\\\/#organization\"},\"potentialAction\":[{\"@type\":\"SearchAction\",\"target\":{\"@type\":\"EntryPoint\",\"urlTemplate\":\"https:\\\/\\\/guidesi.ch\\\/?s={search_term_string}\"},\"query-input\":{\"@type\":\"PropertyValueSpecification\",\"valueRequired\":true,\"valueName\":\"search_term_string\"}}],\"inLanguage\":\"de\"},{\"@type\":\"Organization\",\"@id\":\"https:\\\/\\\/guidesi.ch\\\/#organization\",\"name\":\"GuideSi\",\"url\":\"https:\\\/\\\/guidesi.ch\\\/\",\"logo\":{\"@type\":\"ImageObject\",\"inLanguage\":\"de\",\"@id\":\"https:\\\/\\\/guidesi.ch\\\/#\\\/schema\\\/logo\\\/image\\\/\",\"url\":\"https:\\\/\\\/guidesi.ch\\\/2023\\\/wp-content\\\/uploads\\\/2023\\\/09\\\/400x120_guidesi_logo.png\",\"contentUrl\":\"https:\\\/\\\/guidesi.ch\\\/2023\\\/wp-content\\\/uploads\\\/2023\\\/09\\\/400x120_guidesi_logo.png\",\"width\":400,\"height\":120,\"caption\":\"GuideSi\"},\"image\":{\"@id\":\"https:\\\/\\\/guidesi.ch\\\/#\\\/schema\\\/logo\\\/image\\\/\"}}]}<\/script>\n<!-- \/ Yoast SEO plugin. -->","yoast_head_json":{"title":"F\u00dcHRUNGEN BELLINZONA UND UMGEBUNG","description":"Visite guidate ed escursioni a Bellinzona e dintorni: nel cuore della Svizzera Italiana, crocevia di storia, arte, cultura e un ambiente naturale meraviglioso. I tre castelli patrimonio UNESCO.","robots":{"index":"index","follow":"follow","max-snippet":"max-snippet:-1","max-image-preview":"max-image-preview:large","max-video-preview":"max-video-preview:-1"},"canonical":"https:\/\/guidesi.ch\/visite-gudate-a-bellinzona-e-dintorni\/","og_locale":"de_DE","og_type":"article","og_title":"F\u00dcHRUNGEN BELLINZONA UND UMGEBUNG","og_description":"Visite guidate ed escursioni a Bellinzona e dintorni: nel cuore della Svizzera Italiana, crocevia di storia, arte, cultura e un ambiente naturale meraviglioso. I tre castelli patrimonio UNESCO.","og_url":"https:\/\/guidesi.ch\/visite-gudate-a-bellinzona-e-dintorni\/","og_site_name":"GuideSi","article_modified_time":"2023-09-27T10:30:18+00:00","og_image":[{"url":"https:\/\/guidesi.ch\/2023\/wp-content\/uploads\/2023\/09\/1400x700_territorio_bellinzona.jpg","type":"","width":"","height":""}],"twitter_card":"summary_large_image","twitter_misc":{"Gesch\u00e4tzte Lesezeit":"1\u00a0Minute"},"schema":{"@context":"https:\/\/schema.org","@graph":[{"@type":"WebPage","@id":"https:\/\/guidesi.ch\/visite-gudate-a-bellinzona-e-dintorni\/","url":"https:\/\/guidesi.ch\/visite-gudate-a-bellinzona-e-dintorni\/","name":"F\u00dcHRUNGEN BELLINZONA UND UMGEBUNG","isPartOf":{"@id":"https:\/\/guidesi.ch\/#website"},"primaryImageOfPage":{"@id":"https:\/\/guidesi.ch\/visite-gudate-a-bellinzona-e-dintorni\/#primaryimage"},"image":{"@id":"https:\/\/guidesi.ch\/visite-gudate-a-bellinzona-e-dintorni\/#primaryimage"},"thumbnailUrl":"https:\/\/guidesi.ch\/2023\/wp-content\/uploads\/2023\/09\/1400x700_territorio_bellinzona.jpg","datePublished":"2023-09-22T13:57:54+00:00","dateModified":"2023-09-27T10:30:18+00:00","description":"Visite guidate ed escursioni a Bellinzona e dintorni: nel cuore della Svizzera Italiana, crocevia di storia, arte, cultura e un ambiente naturale meraviglioso. I tre castelli patrimonio UNESCO.","breadcrumb":{"@id":"https:\/\/guidesi.ch\/visite-gudate-a-bellinzona-e-dintorni\/#breadcrumb"},"inLanguage":"de","potentialAction":[{"@type":"ReadAction","target":["https:\/\/guidesi.ch\/visite-gudate-a-bellinzona-e-dintorni\/"]}]},{"@type":"ImageObject","inLanguage":"de","@id":"https:\/\/guidesi.ch\/visite-gudate-a-bellinzona-e-dintorni\/#primaryimage","url":"https:\/\/guidesi.ch\/2023\/wp-content\/uploads\/2023\/09\/1400x700_territorio_bellinzona.jpg","contentUrl":"https:\/\/guidesi.ch\/2023\/wp-content\/uploads\/2023\/09\/1400x700_territorio_bellinzona.jpg"},{"@type":"BreadcrumbList","@id":"https:\/\/guidesi.ch\/visite-gudate-a-bellinzona-e-dintorni\/#breadcrumb","itemListElement":[{"@type":"ListItem","position":1,"name":"Home","item":"https:\/\/guidesi.ch\/"},{"@type":"ListItem","position":2,"name":"BELLINZONA UND UMGEBUNG"}]},{"@type":"WebSite","@id":"https:\/\/guidesi.ch\/#website","url":"https:\/\/guidesi.ch\/","name":"GuideSi","description":"Guide Turistiche della Svizzera Italiana","publisher":{"@id":"https:\/\/guidesi.ch\/#organization"},"potentialAction":[{"@type":"SearchAction","target":{"@type":"EntryPoint","urlTemplate":"https:\/\/guidesi.ch\/?s={search_term_string}"},"query-input":{"@type":"PropertyValueSpecification","valueRequired":true,"valueName":"search_term_string"}}],"inLanguage":"de"},{"@type":"Organization","@id":"https:\/\/guidesi.ch\/#organization","name":"GuideSi","url":"https:\/\/guidesi.ch\/","logo":{"@type":"ImageObject","inLanguage":"de","@id":"https:\/\/guidesi.ch\/#\/schema\/logo\/image\/","url":"https:\/\/guidesi.ch\/2023\/wp-content\/uploads\/2023\/09\/400x120_guidesi_logo.png","contentUrl":"https:\/\/guidesi.ch\/2023\/wp-content\/uploads\/2023\/09\/400x120_guidesi_logo.png","width":400,"height":120,"caption":"GuideSi"},"image":{"@id":"https:\/\/guidesi.ch\/#\/schema\/logo\/image\/"}}]}},"_links":{"self":[{"href":"https:\/\/guidesi.ch\/de\/wp-json\/wp\/v2\/pages\/1407","targetHints":{"allow":["GET"]}}],"collection":[{"href":"https:\/\/guidesi.ch\/de\/wp-json\/wp\/v2\/pages"}],"about":[{"href":"https:\/\/guidesi.ch\/de\/wp-json\/wp\/v2\/types\/page"}],"author":[{"embeddable":true,"href":"https:\/\/guidesi.ch\/de\/wp-json\/wp\/v2\/users\/1"}],"replies":[{"embeddable":true,"href":"https:\/\/guidesi.ch\/de\/wp-json\/wp\/v2\/comments?post=1407"}],"version-history":[{"count":6,"href":"https:\/\/guidesi.ch\/de\/wp-json\/wp\/v2\/pages\/1407\/revisions"}],"predecessor-version":[{"id":3549,"href":"https:\/\/guidesi.ch\/de\/wp-json\/wp\/v2\/pages\/1407\/revisions\/3549"}],"wp:attachment":[{"href":"https:\/\/guidesi.ch\/de\/wp-json\/wp\/v2\/media?parent=1407"}],"curies":[{"name":"wp","href":"https:\/\/api.w.org\/{rel}","templated":true}]}}