{"id":1517,"date":"2023-09-22T15:29:32","date_gmt":"2023-09-22T15:29:32","guid":{"rendered":"https:\/\/guidesi.ch\/2023\/mendrisio-und-umgebung\/"},"modified":"2023-09-26T16:41:58","modified_gmt":"2023-09-26T16:41:58","slug":"mendrisio-und-umgebung","status":"publish","type":"page","link":"https:\/\/guidesi.ch\/de\/mendrisio-und-umgebung\/","title":{"rendered":"MENDRISIO UND UMGEBUNG"},"content":{"rendered":"\t\t<div data-elementor-type=\"wp-page\" data-elementor-id=\"1517\" class=\"elementor elementor-1517 elementor-1500\" data-elementor-post-type=\"page\">\n\t\t\t\t<div class=\"elementor-element elementor-element-189271a8 e-flex e-con-boxed e-con e-parent\" data-id=\"189271a8\" data-element_type=\"container\" data-e-type=\"container\">\n\t\t\t\t\t<div class=\"e-con-inner\">\n\t\t\t\t<div class=\"elementor-element elementor-element-67b76b30 elementor-widget elementor-widget-image\" data-id=\"67b76b30\" data-element_type=\"widget\" data-e-type=\"widget\" data-widget_type=\"image.default\">\n\t\t\t\t<div class=\"elementor-widget-container\">\n\t\t\t\t\t\t\t\t\t\t\t\t\t\t\t<img fetchpriority=\"high\" decoding=\"async\" width=\"1401\" height=\"700\" src=\"https:\/\/guidesi.ch\/2023\/wp-content\/uploads\/2023\/09\/1400x700_territorio_mendrisio_vigneti.jpg\" class=\"attachment-full size-full wp-image-1505\" alt=\"\" srcset=\"https:\/\/guidesi.ch\/2023\/wp-content\/uploads\/2023\/09\/1400x700_territorio_mendrisio_vigneti.jpg 1401w, https:\/\/guidesi.ch\/2023\/wp-content\/uploads\/2023\/09\/1400x700_territorio_mendrisio_vigneti-300x150.jpg 300w, https:\/\/guidesi.ch\/2023\/wp-content\/uploads\/2023\/09\/1400x700_territorio_mendrisio_vigneti-1024x512.jpg 1024w, https:\/\/guidesi.ch\/2023\/wp-content\/uploads\/2023\/09\/1400x700_territorio_mendrisio_vigneti-768x384.jpg 768w\" sizes=\"(max-width: 1401px) 100vw, 1401px\" \/>\t\t\t\t\t\t\t\t\t\t\t\t\t\t\t<\/div>\n\t\t\t\t<\/div>\n\t\t\t\t\t<\/div>\n\t\t\t\t<\/div>\n\t\t<div class=\"elementor-element elementor-element-7d35e7a5 e-flex e-con-boxed e-con e-parent\" data-id=\"7d35e7a5\" data-element_type=\"container\" data-e-type=\"container\">\n\t\t\t\t\t<div class=\"e-con-inner\">\n\t\t\t\t<div class=\"elementor-element elementor-element-410618e3 elementor-widget elementor-widget-text-editor\" data-id=\"410618e3\" data-element_type=\"widget\" data-e-type=\"widget\" data-widget_type=\"text-editor.default\">\n\t\t\t\t<div class=\"elementor-widget-container\">\n\t\t\t\t\t\t\t\t\t<p>Im s\u00fcdlichsten Teil des Tessin unterscheidet sich das Gebiet von Mendrisio von dem Rest des Kantons durch eine sanfte und h\u00fcgelige Landschaft, wo einen Gro\u00dfteil des Tessiner Weins produziert wird. Das historische Zentrum von Mendrisio verbirgt religi\u00f6se Denkm\u00e4ler und Villen, die von ihrer glorreichen Vergangenheit zeugt. Ber\u00fchmt ist die Kleinstadt auch f\u00fcr die Prozession des Karfreitags, bei dem kostbare beleuchtete Laternen aus dem 18. Jahrhundert, die Darstellungen von Szenen aus dem Neuen Testament zeigen, durch die Gassen getragen werden. In seiner N\u00e4he befindet sich der Monte San Giorgio, ein UNESCO-Welterbe.   <\/p>\n\t\t\t\t\t\t\t\t<\/div>\n\t\t\t\t<\/div>\n\t\t\t\t\t<\/div>\n\t\t\t\t<\/div>\n\t\t<div class=\"elementor-element elementor-element-79936322 e-flex e-con-boxed e-con e-parent\" data-id=\"79936322\" data-element_type=\"container\" data-e-type=\"container\">\n\t\t\t\t\t<div class=\"e-con-inner\">\n\t\t\t\t\t<\/div>\n\t\t\t\t<\/div>\n\t\t\t\t<\/div>\n\t\t","protected":false},"excerpt":{"rendered":"<p>Im s\u00fcdlichsten Teil des Tessin unterscheidet sich das Gebiet von Mendrisio von dem Rest des Kantons durch eine sanfte und h\u00fcgelige Landschaft, wo einen Gro\u00dfteil des Tessiner Weins produziert wird. Das historische Zentrum von Mendrisio verbirgt religi\u00f6se Denkm\u00e4ler und Villen, die von ihrer glorreichen Vergangenheit zeugt. Ber\u00fchmt ist die Kleinstadt auch f\u00fcr die Prozession des [&hellip;]<\/p>\n","protected":false},"author":1,"featured_media":0,"parent":0,"menu_order":0,"comment_status":"closed","ping_status":"closed","template":"elementor_header_footer","meta":{"site-sidebar-layout":"no-sidebar","site-content-layout":"","ast-site-content-layout":"default","site-content-style":"default","site-sidebar-style":"default","ast-global-header-display":"","ast-banner-title-visibility":"","ast-main-header-display":"","ast-hfb-above-header-display":"","ast-hfb-below-header-display":"","ast-hfb-mobile-header-display":"","site-post-title":"disabled","ast-breadcrumbs-content":"","ast-featured-img":"disabled","footer-sml-layout":"","ast-disable-related-posts":"","theme-transparent-header-meta":"","adv-header-id-meta":"","stick-header-meta":"","header-above-stick-meta":"","header-main-stick-meta":"","header-below-stick-meta":"","astra-migrate-meta-layouts":"default","ast-page-background-enabled":"default","ast-page-background-meta":{"desktop":{"background-color":"var(--ast-global-color-4)","background-image":"","background-repeat":"repeat","background-position":"center center","background-size":"auto","background-attachment":"scroll","background-type":"","background-media":"","overlay-type":"","overlay-color":"","overlay-opacity":"","overlay-gradient":""},"tablet":{"background-color":"","background-image":"","background-repeat":"repeat","background-position":"center center","background-size":"auto","background-attachment":"scroll","background-type":"","background-media":"","overlay-type":"","overlay-color":"","overlay-opacity":"","overlay-gradient":""},"mobile":{"background-color":"","background-image":"","background-repeat":"repeat","background-position":"center center","background-size":"auto","background-attachment":"scroll","background-type":"","background-media":"","overlay-type":"","overlay-color":"","overlay-opacity":"","overlay-gradient":""}},"ast-content-background-meta":{"desktop":{"background-color":"var(--ast-global-color-5)","background-image":"","background-repeat":"repeat","background-position":"center center","background-size":"auto","background-attachment":"scroll","background-type":"","background-media":"","overlay-type":"","overlay-color":"","overlay-opacity":"","overlay-gradient":""},"tablet":{"background-color":"var(--ast-global-color-5)","background-image":"","background-repeat":"repeat","background-position":"center center","background-size":"auto","background-attachment":"scroll","background-type":"","background-media":"","overlay-type":"","overlay-color":"","overlay-opacity":"","overlay-gradient":""},"mobile":{"background-color":"var(--ast-global-color-5)","background-image":"","background-repeat":"repeat","background-position":"center center","background-size":"auto","background-attachment":"scroll","background-type":"","background-media":"","overlay-type":"","overlay-color":"","overlay-opacity":"","overlay-gradient":""}},"footnotes":""},"class_list":["post-1517","page","type-page","status-publish","hentry"],"yoast_head":"<!-- This site is optimized with the Yoast SEO plugin v27.4 - https:\/\/yoast.com\/product\/yoast-seo-wordpress\/ -->\n<title>Das Gebiet der italienischen Schweiz: Mendrisio und Umgebung<\/title>\n<meta name=\"description\" content=\"Gef\u00fchrte Touren und Ausfl\u00fcge in und um Mendrisio in der italienischen Schweiz.\" \/>\n<meta name=\"robots\" content=\"index, follow, max-snippet:-1, max-image-preview:large, max-video-preview:-1\" \/>\n<link rel=\"canonical\" href=\"https:\/\/guidesi.ch\/visite-guidate-mendrisio-e-dintorni\/\" \/>\n<meta property=\"og:locale\" content=\"de_DE\" \/>\n<meta property=\"og:type\" content=\"article\" \/>\n<meta property=\"og:title\" content=\"Das Gebiet der italienischen Schweiz: Mendrisio und Umgebung\" \/>\n<meta property=\"og:description\" content=\"Gef\u00fchrte Touren und Ausfl\u00fcge in und um Mendrisio in der italienischen Schweiz.\" \/>\n<meta property=\"og:url\" content=\"https:\/\/guidesi.ch\/visite-guidate-mendrisio-e-dintorni\/\" \/>\n<meta property=\"og:site_name\" content=\"GuideSi\" \/>\n<meta property=\"article:modified_time\" content=\"2023-09-26T16:41:58+00:00\" \/>\n<meta property=\"og:image\" content=\"https:\/\/guidesi.ch\/2023\/wp-content\/uploads\/2023\/09\/1400x700_territorio_mendrisio_vigneti.jpg\" \/>\n<meta name=\"twitter:card\" content=\"summary_large_image\" \/>\n<script type=\"application\/ld+json\" class=\"yoast-schema-graph\">{\"@context\":\"https:\\\/\\\/schema.org\",\"@graph\":[{\"@type\":\"WebPage\",\"@id\":\"https:\\\/\\\/guidesi.ch\\\/visite-guidate-mendrisio-e-dintorni\\\/\",\"url\":\"https:\\\/\\\/guidesi.ch\\\/visite-guidate-mendrisio-e-dintorni\\\/\",\"name\":\"Das Gebiet der italienischen Schweiz: Mendrisio und Umgebung\",\"isPartOf\":{\"@id\":\"https:\\\/\\\/guidesi.ch\\\/#website\"},\"primaryImageOfPage\":{\"@id\":\"https:\\\/\\\/guidesi.ch\\\/visite-guidate-mendrisio-e-dintorni\\\/#primaryimage\"},\"image\":{\"@id\":\"https:\\\/\\\/guidesi.ch\\\/visite-guidate-mendrisio-e-dintorni\\\/#primaryimage\"},\"thumbnailUrl\":\"https:\\\/\\\/guidesi.ch\\\/2023\\\/wp-content\\\/uploads\\\/2023\\\/09\\\/1400x700_territorio_mendrisio_vigneti.jpg\",\"datePublished\":\"2023-09-22T15:29:32+00:00\",\"dateModified\":\"2023-09-26T16:41:58+00:00\",\"description\":\"Gef\u00fchrte Touren und Ausfl\u00fcge in und um Mendrisio in der italienischen Schweiz.\",\"breadcrumb\":{\"@id\":\"https:\\\/\\\/guidesi.ch\\\/visite-guidate-mendrisio-e-dintorni\\\/#breadcrumb\"},\"inLanguage\":\"de\",\"potentialAction\":[{\"@type\":\"ReadAction\",\"target\":[\"https:\\\/\\\/guidesi.ch\\\/visite-guidate-mendrisio-e-dintorni\\\/\"]}]},{\"@type\":\"ImageObject\",\"inLanguage\":\"de\",\"@id\":\"https:\\\/\\\/guidesi.ch\\\/visite-guidate-mendrisio-e-dintorni\\\/#primaryimage\",\"url\":\"https:\\\/\\\/guidesi.ch\\\/2023\\\/wp-content\\\/uploads\\\/2023\\\/09\\\/1400x700_territorio_mendrisio_vigneti.jpg\",\"contentUrl\":\"https:\\\/\\\/guidesi.ch\\\/2023\\\/wp-content\\\/uploads\\\/2023\\\/09\\\/1400x700_territorio_mendrisio_vigneti.jpg\"},{\"@type\":\"BreadcrumbList\",\"@id\":\"https:\\\/\\\/guidesi.ch\\\/visite-guidate-mendrisio-e-dintorni\\\/#breadcrumb\",\"itemListElement\":[{\"@type\":\"ListItem\",\"position\":1,\"name\":\"Home\",\"item\":\"https:\\\/\\\/guidesi.ch\\\/\"},{\"@type\":\"ListItem\",\"position\":2,\"name\":\"MENDRISIO UND UMGEBUNG\"}]},{\"@type\":\"WebSite\",\"@id\":\"https:\\\/\\\/guidesi.ch\\\/#website\",\"url\":\"https:\\\/\\\/guidesi.ch\\\/\",\"name\":\"GuideSi\",\"description\":\"Guide Turistiche della Svizzera Italiana\",\"publisher\":{\"@id\":\"https:\\\/\\\/guidesi.ch\\\/#organization\"},\"potentialAction\":[{\"@type\":\"SearchAction\",\"target\":{\"@type\":\"EntryPoint\",\"urlTemplate\":\"https:\\\/\\\/guidesi.ch\\\/?s={search_term_string}\"},\"query-input\":{\"@type\":\"PropertyValueSpecification\",\"valueRequired\":true,\"valueName\":\"search_term_string\"}}],\"inLanguage\":\"de\"},{\"@type\":\"Organization\",\"@id\":\"https:\\\/\\\/guidesi.ch\\\/#organization\",\"name\":\"GuideSi\",\"url\":\"https:\\\/\\\/guidesi.ch\\\/\",\"logo\":{\"@type\":\"ImageObject\",\"inLanguage\":\"de\",\"@id\":\"https:\\\/\\\/guidesi.ch\\\/#\\\/schema\\\/logo\\\/image\\\/\",\"url\":\"https:\\\/\\\/guidesi.ch\\\/2023\\\/wp-content\\\/uploads\\\/2023\\\/09\\\/400x120_guidesi_logo.png\",\"contentUrl\":\"https:\\\/\\\/guidesi.ch\\\/2023\\\/wp-content\\\/uploads\\\/2023\\\/09\\\/400x120_guidesi_logo.png\",\"width\":400,\"height\":120,\"caption\":\"GuideSi\"},\"image\":{\"@id\":\"https:\\\/\\\/guidesi.ch\\\/#\\\/schema\\\/logo\\\/image\\\/\"}}]}<\/script>\n<!-- \/ Yoast SEO plugin. -->","yoast_head_json":{"title":"Das Gebiet der italienischen Schweiz: Mendrisio und Umgebung","description":"Gef\u00fchrte Touren und Ausfl\u00fcge in und um Mendrisio in der italienischen Schweiz.","robots":{"index":"index","follow":"follow","max-snippet":"max-snippet:-1","max-image-preview":"max-image-preview:large","max-video-preview":"max-video-preview:-1"},"canonical":"https:\/\/guidesi.ch\/visite-guidate-mendrisio-e-dintorni\/","og_locale":"de_DE","og_type":"article","og_title":"Das Gebiet der italienischen Schweiz: Mendrisio und Umgebung","og_description":"Gef\u00fchrte Touren und Ausfl\u00fcge in und um Mendrisio in der italienischen Schweiz.","og_url":"https:\/\/guidesi.ch\/visite-guidate-mendrisio-e-dintorni\/","og_site_name":"GuideSi","article_modified_time":"2023-09-26T16:41:58+00:00","og_image":[{"url":"https:\/\/guidesi.ch\/2023\/wp-content\/uploads\/2023\/09\/1400x700_territorio_mendrisio_vigneti.jpg","type":"","width":"","height":""}],"twitter_card":"summary_large_image","schema":{"@context":"https:\/\/schema.org","@graph":[{"@type":"WebPage","@id":"https:\/\/guidesi.ch\/visite-guidate-mendrisio-e-dintorni\/","url":"https:\/\/guidesi.ch\/visite-guidate-mendrisio-e-dintorni\/","name":"Das Gebiet der italienischen Schweiz: Mendrisio und Umgebung","isPartOf":{"@id":"https:\/\/guidesi.ch\/#website"},"primaryImageOfPage":{"@id":"https:\/\/guidesi.ch\/visite-guidate-mendrisio-e-dintorni\/#primaryimage"},"image":{"@id":"https:\/\/guidesi.ch\/visite-guidate-mendrisio-e-dintorni\/#primaryimage"},"thumbnailUrl":"https:\/\/guidesi.ch\/2023\/wp-content\/uploads\/2023\/09\/1400x700_territorio_mendrisio_vigneti.jpg","datePublished":"2023-09-22T15:29:32+00:00","dateModified":"2023-09-26T16:41:58+00:00","description":"Gef\u00fchrte Touren und Ausfl\u00fcge in und um Mendrisio in der italienischen Schweiz.","breadcrumb":{"@id":"https:\/\/guidesi.ch\/visite-guidate-mendrisio-e-dintorni\/#breadcrumb"},"inLanguage":"de","potentialAction":[{"@type":"ReadAction","target":["https:\/\/guidesi.ch\/visite-guidate-mendrisio-e-dintorni\/"]}]},{"@type":"ImageObject","inLanguage":"de","@id":"https:\/\/guidesi.ch\/visite-guidate-mendrisio-e-dintorni\/#primaryimage","url":"https:\/\/guidesi.ch\/2023\/wp-content\/uploads\/2023\/09\/1400x700_territorio_mendrisio_vigneti.jpg","contentUrl":"https:\/\/guidesi.ch\/2023\/wp-content\/uploads\/2023\/09\/1400x700_territorio_mendrisio_vigneti.jpg"},{"@type":"BreadcrumbList","@id":"https:\/\/guidesi.ch\/visite-guidate-mendrisio-e-dintorni\/#breadcrumb","itemListElement":[{"@type":"ListItem","position":1,"name":"Home","item":"https:\/\/guidesi.ch\/"},{"@type":"ListItem","position":2,"name":"MENDRISIO UND UMGEBUNG"}]},{"@type":"WebSite","@id":"https:\/\/guidesi.ch\/#website","url":"https:\/\/guidesi.ch\/","name":"GuideSi","description":"Guide Turistiche della Svizzera Italiana","publisher":{"@id":"https:\/\/guidesi.ch\/#organization"},"potentialAction":[{"@type":"SearchAction","target":{"@type":"EntryPoint","urlTemplate":"https:\/\/guidesi.ch\/?s={search_term_string}"},"query-input":{"@type":"PropertyValueSpecification","valueRequired":true,"valueName":"search_term_string"}}],"inLanguage":"de"},{"@type":"Organization","@id":"https:\/\/guidesi.ch\/#organization","name":"GuideSi","url":"https:\/\/guidesi.ch\/","logo":{"@type":"ImageObject","inLanguage":"de","@id":"https:\/\/guidesi.ch\/#\/schema\/logo\/image\/","url":"https:\/\/guidesi.ch\/2023\/wp-content\/uploads\/2023\/09\/400x120_guidesi_logo.png","contentUrl":"https:\/\/guidesi.ch\/2023\/wp-content\/uploads\/2023\/09\/400x120_guidesi_logo.png","width":400,"height":120,"caption":"GuideSi"},"image":{"@id":"https:\/\/guidesi.ch\/#\/schema\/logo\/image\/"}}]}},"_links":{"self":[{"href":"https:\/\/guidesi.ch\/de\/wp-json\/wp\/v2\/pages\/1517","targetHints":{"allow":["GET"]}}],"collection":[{"href":"https:\/\/guidesi.ch\/de\/wp-json\/wp\/v2\/pages"}],"about":[{"href":"https:\/\/guidesi.ch\/de\/wp-json\/wp\/v2\/types\/page"}],"author":[{"embeddable":true,"href":"https:\/\/guidesi.ch\/de\/wp-json\/wp\/v2\/users\/1"}],"replies":[{"embeddable":true,"href":"https:\/\/guidesi.ch\/de\/wp-json\/wp\/v2\/comments?post=1517"}],"version-history":[{"count":2,"href":"https:\/\/guidesi.ch\/de\/wp-json\/wp\/v2\/pages\/1517\/revisions"}],"predecessor-version":[{"id":1539,"href":"https:\/\/guidesi.ch\/de\/wp-json\/wp\/v2\/pages\/1517\/revisions\/1539"}],"wp:attachment":[{"href":"https:\/\/guidesi.ch\/de\/wp-json\/wp\/v2\/media?parent=1517"}],"curies":[{"name":"wp","href":"https:\/\/api.w.org\/{rel}","templated":true}]}}