{"id":1561,"date":"2023-09-22T15:47:27","date_gmt":"2023-09-22T15:47:27","guid":{"rendered":"https:\/\/guidesi.ch\/2023\/alpentaeler\/"},"modified":"2023-09-26T16:44:33","modified_gmt":"2023-09-26T16:44:33","slug":"alpentaeler","status":"publish","type":"page","link":"https:\/\/guidesi.ch\/de\/alpentaeler\/","title":{"rendered":"ALPENT\u00c4LER"},"content":{"rendered":"\t\t<div data-elementor-type=\"wp-page\" data-elementor-id=\"1561\" class=\"elementor elementor-1561 elementor-1547\" data-elementor-post-type=\"page\">\n\t\t\t\t<div class=\"elementor-element elementor-element-c34fcbf e-flex e-con-boxed e-con e-parent\" data-id=\"c34fcbf\" data-element_type=\"container\" data-e-type=\"container\">\n\t\t\t\t\t<div class=\"e-con-inner\">\n\t\t\t\t<div class=\"elementor-element elementor-element-5c0db361 elementor-widget elementor-widget-image\" data-id=\"5c0db361\" data-element_type=\"widget\" data-e-type=\"widget\" data-widget_type=\"image.default\">\n\t\t\t\t<div class=\"elementor-widget-container\">\n\t\t\t\t\t\t\t\t\t\t\t\t\t\t\t<img fetchpriority=\"high\" decoding=\"async\" width=\"1400\" height=\"700\" src=\"https:\/\/guidesi.ch\/2023\/wp-content\/uploads\/2023\/09\/1400x700_territorio_valli_bavona.jpg\" class=\"attachment-full size-full wp-image-1552\" alt=\"\" srcset=\"https:\/\/guidesi.ch\/2023\/wp-content\/uploads\/2023\/09\/1400x700_territorio_valli_bavona.jpg 1400w, https:\/\/guidesi.ch\/2023\/wp-content\/uploads\/2023\/09\/1400x700_territorio_valli_bavona-300x150.jpg 300w, https:\/\/guidesi.ch\/2023\/wp-content\/uploads\/2023\/09\/1400x700_territorio_valli_bavona-1024x512.jpg 1024w, https:\/\/guidesi.ch\/2023\/wp-content\/uploads\/2023\/09\/1400x700_territorio_valli_bavona-768x384.jpg 768w\" sizes=\"(max-width: 1400px) 100vw, 1400px\" \/>\t\t\t\t\t\t\t\t\t\t\t\t\t\t\t<\/div>\n\t\t\t\t<\/div>\n\t\t\t\t\t<\/div>\n\t\t\t\t<\/div>\n\t\t<div class=\"elementor-element elementor-element-3bcb29b2 e-flex e-con-boxed e-con e-parent\" data-id=\"3bcb29b2\" data-element_type=\"container\" data-e-type=\"container\">\n\t\t\t\t\t<div class=\"e-con-inner\">\n\t\t\t\t<div class=\"elementor-element elementor-element-1fead3ed elementor-widget elementor-widget-text-editor\" data-id=\"1fead3ed\" data-element_type=\"widget\" data-e-type=\"widget\" data-widget_type=\"text-editor.default\">\n\t\t\t\t<div class=\"elementor-widget-container\">\n\t\t\t\t\t\t\t\t\t<p>Trotz seiner Position am S\u00fcdrand der Schweiz sind Tessin und Misox ein Berg Gebiet, in dem steilen Klippen und steilen H\u00e4ngen der Berge unber\u00fchrte und relativ unerforschte T\u00e4ler enthalten. Diese abgelegenen T\u00e4ler, die eine einzigartige Sch\u00f6nheit haben, verbergen versteckte kleine D\u00f6rfer mit H\u00e4usern aus Stein oder Holz, jedes mit eigene kleine Kirchen, Zeugnis eines einfachen aber harten Leben, auf unbezahlbaren menschlichen Werten basiert. Hier sind Geschichte und Tradition die Grundlage f\u00fcr die Gegenwart. Kristallklare Fl\u00fcsse und aus Smaragdgr\u00fcnen Farbe, sowie dichte W\u00e4ldern von Kastanienb\u00e4umen und Buchen, schenken uns eine reine und unber\u00fchrte Natur.   <\/p>\n\t\t\t\t\t\t\t\t<\/div>\n\t\t\t\t<\/div>\n\t\t\t\t\t<\/div>\n\t\t\t\t<\/div>\n\t\t<div class=\"elementor-element elementor-element-5a56f83b e-flex e-con-boxed e-con e-parent\" data-id=\"5a56f83b\" data-element_type=\"container\" data-e-type=\"container\">\n\t\t\t\t\t<div class=\"e-con-inner\">\n\t\t\t\t\t<\/div>\n\t\t\t\t<\/div>\n\t\t\t\t<\/div>\n\t\t","protected":false},"excerpt":{"rendered":"<p>Trotz seiner Position am S\u00fcdrand der Schweiz sind Tessin und Misox ein Berg Gebiet, in dem steilen Klippen und steilen H\u00e4ngen der Berge unber\u00fchrte und relativ unerforschte T\u00e4ler enthalten. Diese abgelegenen T\u00e4ler, die eine einzigartige Sch\u00f6nheit haben, verbergen versteckte kleine D\u00f6rfer mit H\u00e4usern aus Stein oder Holz, jedes mit eigene kleine Kirchen, Zeugnis eines einfachen [&hellip;]<\/p>\n","protected":false},"author":1,"featured_media":0,"parent":0,"menu_order":0,"comment_status":"closed","ping_status":"closed","template":"","meta":{"site-sidebar-layout":"no-sidebar","site-content-layout":"","ast-site-content-layout":"default","site-content-style":"default","site-sidebar-style":"default","ast-global-header-display":"","ast-banner-title-visibility":"","ast-main-header-display":"","ast-hfb-above-header-display":"","ast-hfb-below-header-display":"","ast-hfb-mobile-header-display":"","site-post-title":"disabled","ast-breadcrumbs-content":"","ast-featured-img":"disabled","footer-sml-layout":"","ast-disable-related-posts":"","theme-transparent-header-meta":"","adv-header-id-meta":"","stick-header-meta":"","header-above-stick-meta":"","header-main-stick-meta":"","header-below-stick-meta":"","astra-migrate-meta-layouts":"default","ast-page-background-enabled":"default","ast-page-background-meta":{"desktop":{"background-color":"var(--ast-global-color-4)","background-image":"","background-repeat":"repeat","background-position":"center center","background-size":"auto","background-attachment":"scroll","background-type":"","background-media":"","overlay-type":"","overlay-color":"","overlay-opacity":"","overlay-gradient":""},"tablet":{"background-color":"","background-image":"","background-repeat":"repeat","background-position":"center center","background-size":"auto","background-attachment":"scroll","background-type":"","background-media":"","overlay-type":"","overlay-color":"","overlay-opacity":"","overlay-gradient":""},"mobile":{"background-color":"","background-image":"","background-repeat":"repeat","background-position":"center center","background-size":"auto","background-attachment":"scroll","background-type":"","background-media":"","overlay-type":"","overlay-color":"","overlay-opacity":"","overlay-gradient":""}},"ast-content-background-meta":{"desktop":{"background-color":"var(--ast-global-color-5)","background-image":"","background-repeat":"repeat","background-position":"center center","background-size":"auto","background-attachment":"scroll","background-type":"","background-media":"","overlay-type":"","overlay-color":"","overlay-opacity":"","overlay-gradient":""},"tablet":{"background-color":"var(--ast-global-color-5)","background-image":"","background-repeat":"repeat","background-position":"center center","background-size":"auto","background-attachment":"scroll","background-type":"","background-media":"","overlay-type":"","overlay-color":"","overlay-opacity":"","overlay-gradient":""},"mobile":{"background-color":"var(--ast-global-color-5)","background-image":"","background-repeat":"repeat","background-position":"center center","background-size":"auto","background-attachment":"scroll","background-type":"","background-media":"","overlay-type":"","overlay-color":"","overlay-opacity":"","overlay-gradient":""}},"footnotes":""},"class_list":["post-1561","page","type-page","status-publish","hentry"],"yoast_head":"<!-- This site is optimized with the Yoast SEO plugin v27.4 - https:\/\/yoast.com\/product\/yoast-seo-wordpress\/ -->\n<title>Das Gebiet der italienischen Schweiz: Alpent\u00e4ler<\/title>\n<meta name=\"description\" content=\"Gef\u00fchrte Touren und Wanderungen in den Alpent\u00e4lern der italienischen Schweiz.\" \/>\n<meta name=\"robots\" content=\"index, follow, max-snippet:-1, max-image-preview:large, max-video-preview:-1\" \/>\n<link rel=\"canonical\" href=\"https:\/\/guidesi.ch\/visite-guidate-valli-alpine\/\" \/>\n<meta property=\"og:locale\" content=\"de_DE\" \/>\n<meta property=\"og:type\" content=\"article\" \/>\n<meta property=\"og:title\" content=\"Das Gebiet der italienischen Schweiz: Alpent\u00e4ler\" \/>\n<meta property=\"og:description\" content=\"Gef\u00fchrte Touren und Wanderungen in den Alpent\u00e4lern der italienischen Schweiz.\" \/>\n<meta property=\"og:url\" content=\"https:\/\/guidesi.ch\/visite-guidate-valli-alpine\/\" \/>\n<meta property=\"og:site_name\" content=\"GuideSi\" \/>\n<meta property=\"article:modified_time\" content=\"2023-09-26T16:44:33+00:00\" \/>\n<meta property=\"og:image\" content=\"https:\/\/guidesi.ch\/2023\/wp-content\/uploads\/2023\/09\/1400x700_territorio_valli_bavona.jpg\" \/>\n<meta name=\"twitter:card\" content=\"summary_large_image\" \/>\n<meta name=\"twitter:label1\" content=\"Gesch\u00e4tzte Lesezeit\" \/>\n\t<meta name=\"twitter:data1\" content=\"1\u00a0Minute\" \/>\n<script type=\"application\/ld+json\" class=\"yoast-schema-graph\">{\"@context\":\"https:\\\/\\\/schema.org\",\"@graph\":[{\"@type\":\"WebPage\",\"@id\":\"https:\\\/\\\/guidesi.ch\\\/visite-guidate-valli-alpine\\\/\",\"url\":\"https:\\\/\\\/guidesi.ch\\\/visite-guidate-valli-alpine\\\/\",\"name\":\"Das Gebiet der italienischen Schweiz: Alpent\u00e4ler\",\"isPartOf\":{\"@id\":\"https:\\\/\\\/guidesi.ch\\\/#website\"},\"primaryImageOfPage\":{\"@id\":\"https:\\\/\\\/guidesi.ch\\\/visite-guidate-valli-alpine\\\/#primaryimage\"},\"image\":{\"@id\":\"https:\\\/\\\/guidesi.ch\\\/visite-guidate-valli-alpine\\\/#primaryimage\"},\"thumbnailUrl\":\"https:\\\/\\\/guidesi.ch\\\/2023\\\/wp-content\\\/uploads\\\/2023\\\/09\\\/1400x700_territorio_valli_bavona.jpg\",\"datePublished\":\"2023-09-22T15:47:27+00:00\",\"dateModified\":\"2023-09-26T16:44:33+00:00\",\"description\":\"Gef\u00fchrte Touren und Wanderungen in den Alpent\u00e4lern der italienischen Schweiz.\",\"breadcrumb\":{\"@id\":\"https:\\\/\\\/guidesi.ch\\\/visite-guidate-valli-alpine\\\/#breadcrumb\"},\"inLanguage\":\"de\",\"potentialAction\":[{\"@type\":\"ReadAction\",\"target\":[\"https:\\\/\\\/guidesi.ch\\\/visite-guidate-valli-alpine\\\/\"]}]},{\"@type\":\"ImageObject\",\"inLanguage\":\"de\",\"@id\":\"https:\\\/\\\/guidesi.ch\\\/visite-guidate-valli-alpine\\\/#primaryimage\",\"url\":\"https:\\\/\\\/guidesi.ch\\\/2023\\\/wp-content\\\/uploads\\\/2023\\\/09\\\/1400x700_territorio_valli_bavona.jpg\",\"contentUrl\":\"https:\\\/\\\/guidesi.ch\\\/2023\\\/wp-content\\\/uploads\\\/2023\\\/09\\\/1400x700_territorio_valli_bavona.jpg\"},{\"@type\":\"BreadcrumbList\",\"@id\":\"https:\\\/\\\/guidesi.ch\\\/visite-guidate-valli-alpine\\\/#breadcrumb\",\"itemListElement\":[{\"@type\":\"ListItem\",\"position\":1,\"name\":\"Home\",\"item\":\"https:\\\/\\\/guidesi.ch\\\/\"},{\"@type\":\"ListItem\",\"position\":2,\"name\":\"ALPENT\u00c4LER\"}]},{\"@type\":\"WebSite\",\"@id\":\"https:\\\/\\\/guidesi.ch\\\/#website\",\"url\":\"https:\\\/\\\/guidesi.ch\\\/\",\"name\":\"GuideSi\",\"description\":\"Guide Turistiche della Svizzera Italiana\",\"publisher\":{\"@id\":\"https:\\\/\\\/guidesi.ch\\\/#organization\"},\"potentialAction\":[{\"@type\":\"SearchAction\",\"target\":{\"@type\":\"EntryPoint\",\"urlTemplate\":\"https:\\\/\\\/guidesi.ch\\\/?s={search_term_string}\"},\"query-input\":{\"@type\":\"PropertyValueSpecification\",\"valueRequired\":true,\"valueName\":\"search_term_string\"}}],\"inLanguage\":\"de\"},{\"@type\":\"Organization\",\"@id\":\"https:\\\/\\\/guidesi.ch\\\/#organization\",\"name\":\"GuideSi\",\"url\":\"https:\\\/\\\/guidesi.ch\\\/\",\"logo\":{\"@type\":\"ImageObject\",\"inLanguage\":\"de\",\"@id\":\"https:\\\/\\\/guidesi.ch\\\/#\\\/schema\\\/logo\\\/image\\\/\",\"url\":\"https:\\\/\\\/guidesi.ch\\\/2023\\\/wp-content\\\/uploads\\\/2023\\\/09\\\/400x120_guidesi_logo.png\",\"contentUrl\":\"https:\\\/\\\/guidesi.ch\\\/2023\\\/wp-content\\\/uploads\\\/2023\\\/09\\\/400x120_guidesi_logo.png\",\"width\":400,\"height\":120,\"caption\":\"GuideSi\"},\"image\":{\"@id\":\"https:\\\/\\\/guidesi.ch\\\/#\\\/schema\\\/logo\\\/image\\\/\"}}]}<\/script>\n<!-- \/ Yoast SEO plugin. -->","yoast_head_json":{"title":"Das Gebiet der italienischen Schweiz: Alpent\u00e4ler","description":"Gef\u00fchrte Touren und Wanderungen in den Alpent\u00e4lern der italienischen Schweiz.","robots":{"index":"index","follow":"follow","max-snippet":"max-snippet:-1","max-image-preview":"max-image-preview:large","max-video-preview":"max-video-preview:-1"},"canonical":"https:\/\/guidesi.ch\/visite-guidate-valli-alpine\/","og_locale":"de_DE","og_type":"article","og_title":"Das Gebiet der italienischen Schweiz: Alpent\u00e4ler","og_description":"Gef\u00fchrte Touren und Wanderungen in den Alpent\u00e4lern der italienischen Schweiz.","og_url":"https:\/\/guidesi.ch\/visite-guidate-valli-alpine\/","og_site_name":"GuideSi","article_modified_time":"2023-09-26T16:44:33+00:00","og_image":[{"url":"https:\/\/guidesi.ch\/2023\/wp-content\/uploads\/2023\/09\/1400x700_territorio_valli_bavona.jpg","type":"","width":"","height":""}],"twitter_card":"summary_large_image","twitter_misc":{"Gesch\u00e4tzte Lesezeit":"1\u00a0Minute"},"schema":{"@context":"https:\/\/schema.org","@graph":[{"@type":"WebPage","@id":"https:\/\/guidesi.ch\/visite-guidate-valli-alpine\/","url":"https:\/\/guidesi.ch\/visite-guidate-valli-alpine\/","name":"Das Gebiet der italienischen Schweiz: Alpent\u00e4ler","isPartOf":{"@id":"https:\/\/guidesi.ch\/#website"},"primaryImageOfPage":{"@id":"https:\/\/guidesi.ch\/visite-guidate-valli-alpine\/#primaryimage"},"image":{"@id":"https:\/\/guidesi.ch\/visite-guidate-valli-alpine\/#primaryimage"},"thumbnailUrl":"https:\/\/guidesi.ch\/2023\/wp-content\/uploads\/2023\/09\/1400x700_territorio_valli_bavona.jpg","datePublished":"2023-09-22T15:47:27+00:00","dateModified":"2023-09-26T16:44:33+00:00","description":"Gef\u00fchrte Touren und Wanderungen in den Alpent\u00e4lern der italienischen Schweiz.","breadcrumb":{"@id":"https:\/\/guidesi.ch\/visite-guidate-valli-alpine\/#breadcrumb"},"inLanguage":"de","potentialAction":[{"@type":"ReadAction","target":["https:\/\/guidesi.ch\/visite-guidate-valli-alpine\/"]}]},{"@type":"ImageObject","inLanguage":"de","@id":"https:\/\/guidesi.ch\/visite-guidate-valli-alpine\/#primaryimage","url":"https:\/\/guidesi.ch\/2023\/wp-content\/uploads\/2023\/09\/1400x700_territorio_valli_bavona.jpg","contentUrl":"https:\/\/guidesi.ch\/2023\/wp-content\/uploads\/2023\/09\/1400x700_territorio_valli_bavona.jpg"},{"@type":"BreadcrumbList","@id":"https:\/\/guidesi.ch\/visite-guidate-valli-alpine\/#breadcrumb","itemListElement":[{"@type":"ListItem","position":1,"name":"Home","item":"https:\/\/guidesi.ch\/"},{"@type":"ListItem","position":2,"name":"ALPENT\u00c4LER"}]},{"@type":"WebSite","@id":"https:\/\/guidesi.ch\/#website","url":"https:\/\/guidesi.ch\/","name":"GuideSi","description":"Guide Turistiche della Svizzera Italiana","publisher":{"@id":"https:\/\/guidesi.ch\/#organization"},"potentialAction":[{"@type":"SearchAction","target":{"@type":"EntryPoint","urlTemplate":"https:\/\/guidesi.ch\/?s={search_term_string}"},"query-input":{"@type":"PropertyValueSpecification","valueRequired":true,"valueName":"search_term_string"}}],"inLanguage":"de"},{"@type":"Organization","@id":"https:\/\/guidesi.ch\/#organization","name":"GuideSi","url":"https:\/\/guidesi.ch\/","logo":{"@type":"ImageObject","inLanguage":"de","@id":"https:\/\/guidesi.ch\/#\/schema\/logo\/image\/","url":"https:\/\/guidesi.ch\/2023\/wp-content\/uploads\/2023\/09\/400x120_guidesi_logo.png","contentUrl":"https:\/\/guidesi.ch\/2023\/wp-content\/uploads\/2023\/09\/400x120_guidesi_logo.png","width":400,"height":120,"caption":"GuideSi"},"image":{"@id":"https:\/\/guidesi.ch\/#\/schema\/logo\/image\/"}}]}},"_links":{"self":[{"href":"https:\/\/guidesi.ch\/de\/wp-json\/wp\/v2\/pages\/1561","targetHints":{"allow":["GET"]}}],"collection":[{"href":"https:\/\/guidesi.ch\/de\/wp-json\/wp\/v2\/pages"}],"about":[{"href":"https:\/\/guidesi.ch\/de\/wp-json\/wp\/v2\/types\/page"}],"author":[{"embeddable":true,"href":"https:\/\/guidesi.ch\/de\/wp-json\/wp\/v2\/users\/1"}],"replies":[{"embeddable":true,"href":"https:\/\/guidesi.ch\/de\/wp-json\/wp\/v2\/comments?post=1561"}],"version-history":[{"count":4,"href":"https:\/\/guidesi.ch\/de\/wp-json\/wp\/v2\/pages\/1561\/revisions"}],"predecessor-version":[{"id":3278,"href":"https:\/\/guidesi.ch\/de\/wp-json\/wp\/v2\/pages\/1561\/revisions\/3278"}],"wp:attachment":[{"href":"https:\/\/guidesi.ch\/de\/wp-json\/wp\/v2\/media?parent=1561"}],"curies":[{"name":"wp","href":"https:\/\/api.w.org\/{rel}","templated":true}]}}