{"id":1593,"date":"2023-09-22T16:00:55","date_gmt":"2023-09-22T16:00:55","guid":{"rendered":"https:\/\/guidesi.ch\/2023\/unescos-orte\/"},"modified":"2023-09-26T16:42:56","modified_gmt":"2023-09-26T16:42:56","slug":"unescos-orte","status":"publish","type":"page","link":"https:\/\/guidesi.ch\/de\/unescos-orte\/","title":{"rendered":"UNESCOS ORTE"},"content":{"rendered":"\t\t<div data-elementor-type=\"wp-page\" data-elementor-id=\"1593\" class=\"elementor elementor-1593 elementor-1565\" data-elementor-post-type=\"page\">\n\t\t\t\t<div class=\"elementor-element elementor-element-3079a91b e-flex e-con-boxed e-con e-parent\" data-id=\"3079a91b\" data-element_type=\"container\" data-e-type=\"container\">\n\t\t\t\t\t<div class=\"e-con-inner\">\n\t\t\t\t<div class=\"elementor-element elementor-element-6149dd8d elementor-widget elementor-widget-image\" data-id=\"6149dd8d\" data-element_type=\"widget\" data-e-type=\"widget\" data-widget_type=\"image.default\">\n\t\t\t\t<div class=\"elementor-widget-container\">\n\t\t\t\t\t\t\t\t\t\t\t\t\t\t\t<img fetchpriority=\"high\" decoding=\"async\" width=\"1400\" height=\"700\" src=\"https:\/\/guidesi.ch\/2023\/wp-content\/uploads\/2023\/09\/1400x700_territorio_unesco_castelgrande_notte.jpg\" class=\"attachment-full size-full wp-image-1570\" alt=\"\" srcset=\"https:\/\/guidesi.ch\/2023\/wp-content\/uploads\/2023\/09\/1400x700_territorio_unesco_castelgrande_notte.jpg 1400w, https:\/\/guidesi.ch\/2023\/wp-content\/uploads\/2023\/09\/1400x700_territorio_unesco_castelgrande_notte-300x150.jpg 300w, https:\/\/guidesi.ch\/2023\/wp-content\/uploads\/2023\/09\/1400x700_territorio_unesco_castelgrande_notte-1024x512.jpg 1024w, https:\/\/guidesi.ch\/2023\/wp-content\/uploads\/2023\/09\/1400x700_territorio_unesco_castelgrande_notte-768x384.jpg 768w\" sizes=\"(max-width: 1400px) 100vw, 1400px\" \/>\t\t\t\t\t\t\t\t\t\t\t\t\t\t\t<\/div>\n\t\t\t\t<\/div>\n\t\t\t\t\t<\/div>\n\t\t\t\t<\/div>\n\t\t<div class=\"elementor-element elementor-element-12e95c5 e-flex e-con-boxed e-con e-parent\" data-id=\"12e95c5\" data-element_type=\"container\" data-e-type=\"container\">\n\t\t\t\t\t<div class=\"e-con-inner\">\n\t\t\t\t<div class=\"elementor-element elementor-element-6f8385f8 elementor-widget elementor-widget-text-editor\" data-id=\"6f8385f8\" data-element_type=\"widget\" data-e-type=\"widget\" data-widget_type=\"text-editor.default\">\n\t\t\t\t<div class=\"elementor-widget-container\">\n\t\t\t\t\t\t\t\t\t<p>Das Tessin r\u00fchmt sich drei UNESCO-Welterbe, zu haben: die herrlichen Burgen von Bellinzona, Protagonisten der Geschichte unserer Region und die einzigen Beispiele einer mittelalterlichen Milit\u00e4rarchitektur im gesamten Alpenraum; der Monte San Giorgio, pal\u00e4ontologische Fundst\u00e4tte von unsch\u00e4tzbarem Wert, das dank der Fossilien in den Seiten des Bergs, das beste Zeugnis f\u00fcr Meereslebewesen aus der Triaszeit (etwa von vor 200 bis 245 Millionen Jahren) hergibt. Zwei au\u00dfergew\u00f6hnliche Orte, wo die unaufh\u00f6rliche Forschung uns erlaubt hat, die Geschichte, die Menschen, die Tiere und die Erde zu verstehen. Die Prozessionen der Karwoche in Mendrisio, finden jedes Jahr am Gr\u00fcndonnerstag und Karfreitag in Mendrisio statt. Ein unverzichtbares und einzigartiges Ereignis, bei dem die Geschichte zu einem Spektakel in der Fortf\u00fchrung der Tradition wird.  <\/p>\n\t\t\t\t\t\t\t\t<\/div>\n\t\t\t\t<\/div>\n\t\t\t\t\t<\/div>\n\t\t\t\t<\/div>\n\t\t<div class=\"elementor-element elementor-element-14ad747a e-flex e-con-boxed e-con e-parent\" data-id=\"14ad747a\" data-element_type=\"container\" data-e-type=\"container\">\n\t\t\t\t\t<div class=\"e-con-inner\">\n\t\t\t\t\t<\/div>\n\t\t\t\t<\/div>\n\t\t\t\t<\/div>\n\t\t","protected":false},"excerpt":{"rendered":"<p>Das Tessin r\u00fchmt sich drei UNESCO-Welterbe, zu haben: die herrlichen Burgen von Bellinzona, Protagonisten der Geschichte unserer Region und die einzigen Beispiele einer mittelalterlichen Milit\u00e4rarchitektur im gesamten Alpenraum; der Monte San Giorgio, pal\u00e4ontologische Fundst\u00e4tte von unsch\u00e4tzbarem Wert, das dank der Fossilien in den Seiten des Bergs, das beste Zeugnis f\u00fcr Meereslebewesen aus der Triaszeit (etwa [&hellip;]<\/p>\n","protected":false},"author":1,"featured_media":0,"parent":0,"menu_order":0,"comment_status":"closed","ping_status":"closed","template":"","meta":{"site-sidebar-layout":"no-sidebar","site-content-layout":"","ast-site-content-layout":"default","site-content-style":"default","site-sidebar-style":"default","ast-global-header-display":"","ast-banner-title-visibility":"","ast-main-header-display":"","ast-hfb-above-header-display":"","ast-hfb-below-header-display":"","ast-hfb-mobile-header-display":"","site-post-title":"disabled","ast-breadcrumbs-content":"","ast-featured-img":"disabled","footer-sml-layout":"","ast-disable-related-posts":"","theme-transparent-header-meta":"","adv-header-id-meta":"","stick-header-meta":"","header-above-stick-meta":"","header-main-stick-meta":"","header-below-stick-meta":"","astra-migrate-meta-layouts":"default","ast-page-background-enabled":"default","ast-page-background-meta":{"desktop":{"background-color":"var(--ast-global-color-4)","background-image":"","background-repeat":"repeat","background-position":"center center","background-size":"auto","background-attachment":"scroll","background-type":"","background-media":"","overlay-type":"","overlay-color":"","overlay-opacity":"","overlay-gradient":""},"tablet":{"background-color":"","background-image":"","background-repeat":"repeat","background-position":"center center","background-size":"auto","background-attachment":"scroll","background-type":"","background-media":"","overlay-type":"","overlay-color":"","overlay-opacity":"","overlay-gradient":""},"mobile":{"background-color":"","background-image":"","background-repeat":"repeat","background-position":"center center","background-size":"auto","background-attachment":"scroll","background-type":"","background-media":"","overlay-type":"","overlay-color":"","overlay-opacity":"","overlay-gradient":""}},"ast-content-background-meta":{"desktop":{"background-color":"var(--ast-global-color-5)","background-image":"","background-repeat":"repeat","background-position":"center center","background-size":"auto","background-attachment":"scroll","background-type":"","background-media":"","overlay-type":"","overlay-color":"","overlay-opacity":"","overlay-gradient":""},"tablet":{"background-color":"var(--ast-global-color-5)","background-image":"","background-repeat":"repeat","background-position":"center center","background-size":"auto","background-attachment":"scroll","background-type":"","background-media":"","overlay-type":"","overlay-color":"","overlay-opacity":"","overlay-gradient":""},"mobile":{"background-color":"var(--ast-global-color-5)","background-image":"","background-repeat":"repeat","background-position":"center center","background-size":"auto","background-attachment":"scroll","background-type":"","background-media":"","overlay-type":"","overlay-color":"","overlay-opacity":"","overlay-gradient":""}},"footnotes":""},"class_list":["post-1593","page","type-page","status-publish","hentry"],"yoast_head":"<!-- This site is optimized with the Yoast SEO plugin v27.4 - https:\/\/yoast.com\/product\/yoast-seo-wordpress\/ -->\n<title>Das Gebiet der italienischen Schweiz: Unesco-St\u00e4tten<\/title>\n<meta name=\"description\" content=\"Gef\u00fchrte Besichtigungen und Ausfl\u00fcge zu den UNESCO-St\u00e4tten in der italienischen Schweiz: die Schl\u00f6sser von Bellinzona und Monte San Giorgio\" \/>\n<meta name=\"robots\" content=\"index, follow, max-snippet:-1, max-image-preview:large, max-video-preview:-1\" \/>\n<link rel=\"canonical\" href=\"https:\/\/guidesi.ch\/visite-guidate-siti-unesco\/\" \/>\n<meta property=\"og:locale\" content=\"de_DE\" \/>\n<meta property=\"og:type\" content=\"article\" \/>\n<meta property=\"og:title\" content=\"Das Gebiet der italienischen Schweiz: Unesco-St\u00e4tten\" \/>\n<meta property=\"og:description\" content=\"Gef\u00fchrte Besichtigungen und Ausfl\u00fcge zu den UNESCO-St\u00e4tten in der italienischen Schweiz: die Schl\u00f6sser von Bellinzona und Monte San Giorgio\" \/>\n<meta property=\"og:url\" content=\"https:\/\/guidesi.ch\/visite-guidate-siti-unesco\/\" \/>\n<meta property=\"og:site_name\" content=\"GuideSi\" \/>\n<meta property=\"article:modified_time\" content=\"2023-09-26T16:42:56+00:00\" \/>\n<meta property=\"og:image\" content=\"https:\/\/guidesi.ch\/2023\/wp-content\/uploads\/2023\/09\/1400x700_territorio_unesco_castelgrande_notte.jpg\" \/>\n<meta name=\"twitter:card\" content=\"summary_large_image\" \/>\n<meta name=\"twitter:label1\" content=\"Gesch\u00e4tzte Lesezeit\" \/>\n\t<meta name=\"twitter:data1\" content=\"1\u00a0Minute\" \/>\n<script type=\"application\/ld+json\" class=\"yoast-schema-graph\">{\"@context\":\"https:\\\/\\\/schema.org\",\"@graph\":[{\"@type\":\"WebPage\",\"@id\":\"https:\\\/\\\/guidesi.ch\\\/visite-guidate-siti-unesco\\\/\",\"url\":\"https:\\\/\\\/guidesi.ch\\\/visite-guidate-siti-unesco\\\/\",\"name\":\"Das Gebiet der italienischen Schweiz: Unesco-St\u00e4tten\",\"isPartOf\":{\"@id\":\"https:\\\/\\\/guidesi.ch\\\/#website\"},\"primaryImageOfPage\":{\"@id\":\"https:\\\/\\\/guidesi.ch\\\/visite-guidate-siti-unesco\\\/#primaryimage\"},\"image\":{\"@id\":\"https:\\\/\\\/guidesi.ch\\\/visite-guidate-siti-unesco\\\/#primaryimage\"},\"thumbnailUrl\":\"https:\\\/\\\/guidesi.ch\\\/2023\\\/wp-content\\\/uploads\\\/2023\\\/09\\\/1400x700_territorio_unesco_castelgrande_notte.jpg\",\"datePublished\":\"2023-09-22T16:00:55+00:00\",\"dateModified\":\"2023-09-26T16:42:56+00:00\",\"description\":\"Gef\u00fchrte Besichtigungen und Ausfl\u00fcge zu den UNESCO-St\u00e4tten in der italienischen Schweiz: die Schl\u00f6sser von Bellinzona und Monte San Giorgio\",\"breadcrumb\":{\"@id\":\"https:\\\/\\\/guidesi.ch\\\/visite-guidate-siti-unesco\\\/#breadcrumb\"},\"inLanguage\":\"de\",\"potentialAction\":[{\"@type\":\"ReadAction\",\"target\":[\"https:\\\/\\\/guidesi.ch\\\/visite-guidate-siti-unesco\\\/\"]}]},{\"@type\":\"ImageObject\",\"inLanguage\":\"de\",\"@id\":\"https:\\\/\\\/guidesi.ch\\\/visite-guidate-siti-unesco\\\/#primaryimage\",\"url\":\"https:\\\/\\\/guidesi.ch\\\/2023\\\/wp-content\\\/uploads\\\/2023\\\/09\\\/1400x700_territorio_unesco_castelgrande_notte.jpg\",\"contentUrl\":\"https:\\\/\\\/guidesi.ch\\\/2023\\\/wp-content\\\/uploads\\\/2023\\\/09\\\/1400x700_territorio_unesco_castelgrande_notte.jpg\"},{\"@type\":\"BreadcrumbList\",\"@id\":\"https:\\\/\\\/guidesi.ch\\\/visite-guidate-siti-unesco\\\/#breadcrumb\",\"itemListElement\":[{\"@type\":\"ListItem\",\"position\":1,\"name\":\"Home\",\"item\":\"https:\\\/\\\/guidesi.ch\\\/\"},{\"@type\":\"ListItem\",\"position\":2,\"name\":\"UNESCOS ORTE\"}]},{\"@type\":\"WebSite\",\"@id\":\"https:\\\/\\\/guidesi.ch\\\/#website\",\"url\":\"https:\\\/\\\/guidesi.ch\\\/\",\"name\":\"GuideSi\",\"description\":\"Guide Turistiche della Svizzera Italiana\",\"publisher\":{\"@id\":\"https:\\\/\\\/guidesi.ch\\\/#organization\"},\"potentialAction\":[{\"@type\":\"SearchAction\",\"target\":{\"@type\":\"EntryPoint\",\"urlTemplate\":\"https:\\\/\\\/guidesi.ch\\\/?s={search_term_string}\"},\"query-input\":{\"@type\":\"PropertyValueSpecification\",\"valueRequired\":true,\"valueName\":\"search_term_string\"}}],\"inLanguage\":\"de\"},{\"@type\":\"Organization\",\"@id\":\"https:\\\/\\\/guidesi.ch\\\/#organization\",\"name\":\"GuideSi\",\"url\":\"https:\\\/\\\/guidesi.ch\\\/\",\"logo\":{\"@type\":\"ImageObject\",\"inLanguage\":\"de\",\"@id\":\"https:\\\/\\\/guidesi.ch\\\/#\\\/schema\\\/logo\\\/image\\\/\",\"url\":\"https:\\\/\\\/guidesi.ch\\\/2023\\\/wp-content\\\/uploads\\\/2023\\\/09\\\/400x120_guidesi_logo.png\",\"contentUrl\":\"https:\\\/\\\/guidesi.ch\\\/2023\\\/wp-content\\\/uploads\\\/2023\\\/09\\\/400x120_guidesi_logo.png\",\"width\":400,\"height\":120,\"caption\":\"GuideSi\"},\"image\":{\"@id\":\"https:\\\/\\\/guidesi.ch\\\/#\\\/schema\\\/logo\\\/image\\\/\"}}]}<\/script>\n<!-- \/ Yoast SEO plugin. -->","yoast_head_json":{"title":"Das Gebiet der italienischen Schweiz: Unesco-St\u00e4tten","description":"Gef\u00fchrte Besichtigungen und Ausfl\u00fcge zu den UNESCO-St\u00e4tten in der italienischen Schweiz: die Schl\u00f6sser von Bellinzona und Monte San Giorgio","robots":{"index":"index","follow":"follow","max-snippet":"max-snippet:-1","max-image-preview":"max-image-preview:large","max-video-preview":"max-video-preview:-1"},"canonical":"https:\/\/guidesi.ch\/visite-guidate-siti-unesco\/","og_locale":"de_DE","og_type":"article","og_title":"Das Gebiet der italienischen Schweiz: Unesco-St\u00e4tten","og_description":"Gef\u00fchrte Besichtigungen und Ausfl\u00fcge zu den UNESCO-St\u00e4tten in der italienischen Schweiz: die Schl\u00f6sser von Bellinzona und Monte San Giorgio","og_url":"https:\/\/guidesi.ch\/visite-guidate-siti-unesco\/","og_site_name":"GuideSi","article_modified_time":"2023-09-26T16:42:56+00:00","og_image":[{"url":"https:\/\/guidesi.ch\/2023\/wp-content\/uploads\/2023\/09\/1400x700_territorio_unesco_castelgrande_notte.jpg","type":"","width":"","height":""}],"twitter_card":"summary_large_image","twitter_misc":{"Gesch\u00e4tzte Lesezeit":"1\u00a0Minute"},"schema":{"@context":"https:\/\/schema.org","@graph":[{"@type":"WebPage","@id":"https:\/\/guidesi.ch\/visite-guidate-siti-unesco\/","url":"https:\/\/guidesi.ch\/visite-guidate-siti-unesco\/","name":"Das Gebiet der italienischen Schweiz: Unesco-St\u00e4tten","isPartOf":{"@id":"https:\/\/guidesi.ch\/#website"},"primaryImageOfPage":{"@id":"https:\/\/guidesi.ch\/visite-guidate-siti-unesco\/#primaryimage"},"image":{"@id":"https:\/\/guidesi.ch\/visite-guidate-siti-unesco\/#primaryimage"},"thumbnailUrl":"https:\/\/guidesi.ch\/2023\/wp-content\/uploads\/2023\/09\/1400x700_territorio_unesco_castelgrande_notte.jpg","datePublished":"2023-09-22T16:00:55+00:00","dateModified":"2023-09-26T16:42:56+00:00","description":"Gef\u00fchrte Besichtigungen und Ausfl\u00fcge zu den UNESCO-St\u00e4tten in der italienischen Schweiz: die Schl\u00f6sser von Bellinzona und Monte San Giorgio","breadcrumb":{"@id":"https:\/\/guidesi.ch\/visite-guidate-siti-unesco\/#breadcrumb"},"inLanguage":"de","potentialAction":[{"@type":"ReadAction","target":["https:\/\/guidesi.ch\/visite-guidate-siti-unesco\/"]}]},{"@type":"ImageObject","inLanguage":"de","@id":"https:\/\/guidesi.ch\/visite-guidate-siti-unesco\/#primaryimage","url":"https:\/\/guidesi.ch\/2023\/wp-content\/uploads\/2023\/09\/1400x700_territorio_unesco_castelgrande_notte.jpg","contentUrl":"https:\/\/guidesi.ch\/2023\/wp-content\/uploads\/2023\/09\/1400x700_territorio_unesco_castelgrande_notte.jpg"},{"@type":"BreadcrumbList","@id":"https:\/\/guidesi.ch\/visite-guidate-siti-unesco\/#breadcrumb","itemListElement":[{"@type":"ListItem","position":1,"name":"Home","item":"https:\/\/guidesi.ch\/"},{"@type":"ListItem","position":2,"name":"UNESCOS ORTE"}]},{"@type":"WebSite","@id":"https:\/\/guidesi.ch\/#website","url":"https:\/\/guidesi.ch\/","name":"GuideSi","description":"Guide Turistiche della Svizzera Italiana","publisher":{"@id":"https:\/\/guidesi.ch\/#organization"},"potentialAction":[{"@type":"SearchAction","target":{"@type":"EntryPoint","urlTemplate":"https:\/\/guidesi.ch\/?s={search_term_string}"},"query-input":{"@type":"PropertyValueSpecification","valueRequired":true,"valueName":"search_term_string"}}],"inLanguage":"de"},{"@type":"Organization","@id":"https:\/\/guidesi.ch\/#organization","name":"GuideSi","url":"https:\/\/guidesi.ch\/","logo":{"@type":"ImageObject","inLanguage":"de","@id":"https:\/\/guidesi.ch\/#\/schema\/logo\/image\/","url":"https:\/\/guidesi.ch\/2023\/wp-content\/uploads\/2023\/09\/400x120_guidesi_logo.png","contentUrl":"https:\/\/guidesi.ch\/2023\/wp-content\/uploads\/2023\/09\/400x120_guidesi_logo.png","width":400,"height":120,"caption":"GuideSi"},"image":{"@id":"https:\/\/guidesi.ch\/#\/schema\/logo\/image\/"}}]}},"_links":{"self":[{"href":"https:\/\/guidesi.ch\/de\/wp-json\/wp\/v2\/pages\/1593","targetHints":{"allow":["GET"]}}],"collection":[{"href":"https:\/\/guidesi.ch\/de\/wp-json\/wp\/v2\/pages"}],"about":[{"href":"https:\/\/guidesi.ch\/de\/wp-json\/wp\/v2\/types\/page"}],"author":[{"embeddable":true,"href":"https:\/\/guidesi.ch\/de\/wp-json\/wp\/v2\/users\/1"}],"replies":[{"embeddable":true,"href":"https:\/\/guidesi.ch\/de\/wp-json\/wp\/v2\/comments?post=1593"}],"version-history":[{"count":4,"href":"https:\/\/guidesi.ch\/de\/wp-json\/wp\/v2\/pages\/1593\/revisions"}],"predecessor-version":[{"id":3268,"href":"https:\/\/guidesi.ch\/de\/wp-json\/wp\/v2\/pages\/1593\/revisions\/3268"}],"wp:attachment":[{"href":"https:\/\/guidesi.ch\/de\/wp-json\/wp\/v2\/media?parent=1593"}],"curies":[{"name":"wp","href":"https:\/\/api.w.org\/{rel}","templated":true}]}}