{"id":1218,"date":"2023-09-20T16:32:49","date_gmt":"2023-09-20T16:32:49","guid":{"rendered":"https:\/\/guidesi.ch\/2023\/visites-guidees\/"},"modified":"2023-09-28T08:22:11","modified_gmt":"2023-09-28T08:22:11","slug":"visites-guidees","status":"publish","type":"page","link":"https:\/\/guidesi.ch\/fr\/visites-guidees\/","title":{"rendered":"VISITES GUIDEES"},"content":{"rendered":"\t\t<div data-elementor-type=\"wp-page\" data-elementor-id=\"1218\" class=\"elementor elementor-1218 elementor-1200\" data-elementor-post-type=\"page\">\n\t\t\t\t<div class=\"elementor-element elementor-element-2d1bbae e-flex e-con-boxed e-con e-parent\" data-id=\"2d1bbae\" data-element_type=\"container\" data-e-type=\"container\">\n\t\t\t\t\t<div class=\"e-con-inner\">\n\t\t<div class=\"elementor-element elementor-element-803f18e e-con-full e-flex e-con e-child\" data-id=\"803f18e\" data-element_type=\"container\" data-e-type=\"container\">\n\t\t\t\t<div class=\"elementor-element elementor-element-c014a62 elementor-widget elementor-widget-text-editor\" data-id=\"c014a62\" data-element_type=\"widget\" data-e-type=\"widget\" data-widget_type=\"text-editor.default\">\n\t\t\t\t<div class=\"elementor-widget-container\">\n\t\t\t\t\t\t\t\t\t<p>Une s\u00e9lection de nos circuits les plus populaires au <b>Tessin<\/b>, <b>Bellinzona, Locarno, Lugano et Mesolcina<\/b>. Dans la plupart des cas, les visites se d\u00e9veloppent \u00e0 travers le centre historique des villes et villages. Dans d\u2019autres cas, ils s\u2019agit de visites \u00e0 \u00e9glises et monuments historiques cibl\u00e9s. Chacune d\u2019elles peut \u00eatre personnalis\u00e9e pour des groupes priv\u00e9s selon leurs d\u00e9sirs sp\u00e9cifiques.   <\/p>\n<p><span style=\"font-style: inherit; font-weight: inherit; color: var( --e-global-color-text ); font-family: var( --e-global-typography-text-font-family ), Sans-serif; text-align: var(--text-align); background-color: var(--ast-global-color-5);\">Certaines visites guid\u00e9es s\u2019aventurent dans les diff\u00e9rents territoires de Bellinzona, Lugano, Locarno, Mendrisio, Mesolcina et les vall\u00e9es alpines environnantes. Il peut s\u2019agir de <strong>promenades<\/strong> faciles ainsi que de v\u00e9ritables <strong>randonn\u00e9es<\/strong> sur diverses conditions de sol, allant du chemin en terre battue aux sentiers de montagne bien entretenus, mais parfois escarp\u00e9s et rocheux. Ces visites n\u00e9cessitent d\u2019un \u00e9quipement appropri\u00e9. Votre guide vous donnera plus d\u2019informations.   <\/span><\/p>\n<p>Sur demande, il est bien possible d\u2019organiser des <strong>visites guid\u00e9es personnalis\u00e9es<\/strong> de type historique, culturel, gastronomique et pour familles. Les visites peuvent \u00eatre adapt\u00e9es aux besoins particuliers.  <\/p>\n\t\t\t\t\t\t\t\t<\/div>\n\t\t\t\t<\/div>\n\t\t\t\t<\/div>\n\t\t<div class=\"elementor-element elementor-element-da877e6 e-con-full e-flex e-con e-child\" data-id=\"da877e6\" data-element_type=\"container\" data-e-type=\"container\">\n\t\t\t\t<div class=\"elementor-element elementor-element-a4b20a5 elementor-widget elementor-widget-heading\" data-id=\"a4b20a5\" data-element_type=\"widget\" data-e-type=\"widget\" data-widget_type=\"heading.default\">\n\t\t\t\t<div class=\"elementor-widget-container\">\n\t\t\t\t\t<h2 class=\"elementor-heading-title elementor-size-default\">INFO<\/h2>\t\t\t\t<\/div>\n\t\t\t\t<\/div>\n\t\t\t\t<div class=\"elementor-element elementor-element-cd65831 elementor-icon-list--layout-traditional elementor-list-item-link-full_width elementor-widget elementor-widget-icon-list\" data-id=\"cd65831\" data-element_type=\"widget\" data-e-type=\"widget\" data-widget_type=\"icon-list.default\">\n\t\t\t\t<div class=\"elementor-widget-container\">\n\t\t\t\t\t\t\t<ul class=\"elementor-icon-list-items\">\n\t\t\t\t\t\t\t<li class=\"elementor-icon-list-item\">\n\t\t\t\t\t\t\t\t\t\t\t<a href=\"mailto:info@guidesi.ch\">\n\n\t\t\t\t\t\t\t\t\t\t\t\t<span class=\"elementor-icon-list-icon\">\n\t\t\t\t\t\t\t<i aria-hidden=\"true\" class=\"fas fa-envelope\"><\/i>\t\t\t\t\t\t<\/span>\n\t\t\t\t\t\t\t\t\t\t<span class=\"elementor-icon-list-text\">info@guidesi.ch<\/span>\n\t\t\t\t\t\t\t\t\t\t\t<\/a>\n\t\t\t\t\t\t\t\t\t<\/li>\n\t\t\t\t\t\t<\/ul>\n\t\t\t\t\t\t<\/div>\n\t\t\t\t<\/div>\n\t\t\t\t<div class=\"elementor-element elementor-element-62b0d63 elementor-align-left elementor-mobile-align-left elementor-widget elementor-widget-button\" data-id=\"62b0d63\" data-element_type=\"widget\" data-e-type=\"widget\" data-widget_type=\"button.default\">\n\t\t\t\t<div class=\"elementor-widget-container\">\n\t\t\t\t\t\t\t\t\t<div class=\"elementor-button-wrapper\">\n\t\t\t\t\t<a class=\"elementor-button elementor-button-link elementor-size-sm elementor-animation-grow\" href=\"https:\/\/guidesi.ch\/fr\/faq-foire-aux-questions-sur-lorganisation-deroulement-et-participation-aux-visites-guidees\/\">\n\t\t\t\t\t\t<span class=\"elementor-button-content-wrapper\">\n\t\t\t\t\t\t\t\t\t<span class=\"elementor-button-text\">FAQ - FOIRE AUX QUESTIONS<\/span>\n\t\t\t\t\t<\/span>\n\t\t\t\t\t<\/a>\n\t\t\t\t<\/div>\n\t\t\t\t\t\t\t\t<\/div>\n\t\t\t\t<\/div>\n\t\t\t\t<\/div>\n\t\t\t\t\t<\/div>\n\t\t\t\t<\/div>\n\t\t<div class=\"elementor-element elementor-element-dc0661a e-flex e-con-boxed e-con e-parent\" data-id=\"dc0661a\" data-element_type=\"container\" data-e-type=\"container\">\n\t\t\t\t\t<div class=\"e-con-inner\">\n\t\t\t\t<div class=\"elementor-element elementor-element-0e8f6d8 elementor-widget elementor-widget-heading\" data-id=\"0e8f6d8\" data-element_type=\"widget\" data-e-type=\"widget\" data-widget_type=\"heading.default\">\n\t\t\t\t<div class=\"elementor-widget-container\">\n\t\t\t\t\t<h2 class=\"elementor-heading-title elementor-size-default\">TOUR<\/h2>\t\t\t\t<\/div>\n\t\t\t\t<\/div>\n\t\t\t\t\t<\/div>\n\t\t\t\t<\/div>\n\t\t<div class=\"elementor-element elementor-element-f6b1a9f e-flex e-con-boxed e-con e-parent\" data-id=\"f6b1a9f\" data-element_type=\"container\" data-e-type=\"container\">\n\t\t\t\t\t<div class=\"e-con-inner\">\n\t\t\t\t\t<\/div>\n\t\t\t\t<\/div>\n\t\t\t\t<\/div>\n\t\t","protected":false},"excerpt":{"rendered":"<p>Une s\u00e9lection de nos circuits les plus populaires au Tessin, Bellinzona, Locarno, Lugano et Mesolcina. Dans la plupart des cas, les visites se d\u00e9veloppent \u00e0 travers le centre historique des villes et villages. Dans d\u2019autres cas, ils s\u2019agit de visites \u00e0 \u00e9glises et monuments historiques cibl\u00e9s. Chacune d\u2019elles peut \u00eatre personnalis\u00e9e pour des groupes priv\u00e9s [&hellip;]<\/p>\n","protected":false},"author":1,"featured_media":0,"parent":0,"menu_order":0,"comment_status":"closed","ping_status":"closed","template":"","meta":{"site-sidebar-layout":"no-sidebar","site-content-layout":"","ast-site-content-layout":"full-width-container","site-content-style":"default","site-sidebar-style":"default","ast-global-header-display":"","ast-banner-title-visibility":"","ast-main-header-display":"","ast-hfb-above-header-display":"","ast-hfb-below-header-display":"","ast-hfb-mobile-header-display":"","site-post-title":"disabled","ast-breadcrumbs-content":"","ast-featured-img":"disabled","footer-sml-layout":"","ast-disable-related-posts":"","theme-transparent-header-meta":"","adv-header-id-meta":"","stick-header-meta":"","header-above-stick-meta":"","header-main-stick-meta":"","header-below-stick-meta":"","astra-migrate-meta-layouts":"default","ast-page-background-enabled":"default","ast-page-background-meta":{"desktop":{"background-color":"var(--ast-global-color-4)","background-image":"","background-repeat":"repeat","background-position":"center center","background-size":"auto","background-attachment":"scroll","background-type":"","background-media":"","overlay-type":"","overlay-color":"","overlay-opacity":"","overlay-gradient":""},"tablet":{"background-color":"","background-image":"","background-repeat":"repeat","background-position":"center center","background-size":"auto","background-attachment":"scroll","background-type":"","background-media":"","overlay-type":"","overlay-color":"","overlay-opacity":"","overlay-gradient":""},"mobile":{"background-color":"","background-image":"","background-repeat":"repeat","background-position":"center center","background-size":"auto","background-attachment":"scroll","background-type":"","background-media":"","overlay-type":"","overlay-color":"","overlay-opacity":"","overlay-gradient":""}},"ast-content-background-meta":{"desktop":{"background-color":"var(--ast-global-color-5)","background-image":"","background-repeat":"repeat","background-position":"center center","background-size":"auto","background-attachment":"scroll","background-type":"","background-media":"","overlay-type":"","overlay-color":"","overlay-opacity":"","overlay-gradient":""},"tablet":{"background-color":"var(--ast-global-color-5)","background-image":"","background-repeat":"repeat","background-position":"center center","background-size":"auto","background-attachment":"scroll","background-type":"","background-media":"","overlay-type":"","overlay-color":"","overlay-opacity":"","overlay-gradient":""},"mobile":{"background-color":"var(--ast-global-color-5)","background-image":"","background-repeat":"repeat","background-position":"center center","background-size":"auto","background-attachment":"scroll","background-type":"","background-media":"","overlay-type":"","overlay-color":"","overlay-opacity":"","overlay-gradient":""}},"footnotes":""},"class_list":["post-1218","page","type-page","status-publish","hentry"],"yoast_head":"<!-- This site is optimized with the Yoast SEO plugin v27.4 - https:\/\/yoast.com\/product\/yoast-seo-wordpress\/ -->\n<title>Visite turistiche guidate nella Svizzera Italiana<\/title>\n<meta name=\"description\" content=\"Visites guid\u00e9es en Suisse italienne, au Tessin et en Mesolcina, avec des guides touristiques professionnelles. Lugano-Locarno-Bellinzona-Mendrisio-sites UNESCO-vall\u00e9es alpines.\" \/>\n<meta name=\"robots\" content=\"index, follow, max-snippet:-1, max-image-preview:large, max-video-preview:-1\" \/>\n<link rel=\"canonical\" href=\"https:\/\/guidesi.ch\/visite-guidate\/\" \/>\n<meta property=\"og:locale\" content=\"fr_FR\" \/>\n<meta property=\"og:type\" content=\"article\" \/>\n<meta property=\"og:title\" content=\"Visite turistiche guidate nella Svizzera Italiana\" \/>\n<meta property=\"og:description\" content=\"Visites guid\u00e9es en Suisse italienne, au Tessin et en Mesolcina, avec des guides touristiques professionnelles. Lugano-Locarno-Bellinzona-Mendrisio-sites UNESCO-vall\u00e9es alpines.\" \/>\n<meta property=\"og:url\" content=\"https:\/\/guidesi.ch\/visite-guidate\/\" \/>\n<meta property=\"og:site_name\" content=\"GuideSi\" \/>\n<meta property=\"article:modified_time\" content=\"2023-09-28T08:22:11+00:00\" \/>\n<meta name=\"twitter:card\" content=\"summary_large_image\" \/>\n<meta name=\"twitter:label1\" content=\"Dur\u00e9e de lecture estim\u00e9e\" \/>\n\t<meta name=\"twitter:data1\" content=\"1 minute\" \/>\n<script type=\"application\/ld+json\" class=\"yoast-schema-graph\">{\"@context\":\"https:\\\/\\\/schema.org\",\"@graph\":[{\"@type\":\"WebPage\",\"@id\":\"https:\\\/\\\/guidesi.ch\\\/visite-guidate\\\/\",\"url\":\"https:\\\/\\\/guidesi.ch\\\/visite-guidate\\\/\",\"name\":\"Visite turistiche guidate nella Svizzera Italiana\",\"isPartOf\":{\"@id\":\"https:\\\/\\\/guidesi.ch\\\/#website\"},\"datePublished\":\"2023-09-20T16:32:49+00:00\",\"dateModified\":\"2023-09-28T08:22:11+00:00\",\"description\":\"Visites guid\u00e9es en Suisse italienne, au Tessin et en Mesolcina, avec des guides touristiques professionnelles. Lugano-Locarno-Bellinzona-Mendrisio-sites UNESCO-vall\u00e9es alpines.\",\"breadcrumb\":{\"@id\":\"https:\\\/\\\/guidesi.ch\\\/visite-guidate\\\/#breadcrumb\"},\"inLanguage\":\"fr-FR\",\"potentialAction\":[{\"@type\":\"ReadAction\",\"target\":[\"https:\\\/\\\/guidesi.ch\\\/visite-guidate\\\/\"]}]},{\"@type\":\"BreadcrumbList\",\"@id\":\"https:\\\/\\\/guidesi.ch\\\/visite-guidate\\\/#breadcrumb\",\"itemListElement\":[{\"@type\":\"ListItem\",\"position\":1,\"name\":\"Home\",\"item\":\"https:\\\/\\\/guidesi.ch\\\/\"},{\"@type\":\"ListItem\",\"position\":2,\"name\":\"VISITES GUIDEES\"}]},{\"@type\":\"WebSite\",\"@id\":\"https:\\\/\\\/guidesi.ch\\\/#website\",\"url\":\"https:\\\/\\\/guidesi.ch\\\/\",\"name\":\"GuideSi\",\"description\":\"Guide Turistiche della Svizzera Italiana\",\"publisher\":{\"@id\":\"https:\\\/\\\/guidesi.ch\\\/#organization\"},\"potentialAction\":[{\"@type\":\"SearchAction\",\"target\":{\"@type\":\"EntryPoint\",\"urlTemplate\":\"https:\\\/\\\/guidesi.ch\\\/?s={search_term_string}\"},\"query-input\":{\"@type\":\"PropertyValueSpecification\",\"valueRequired\":true,\"valueName\":\"search_term_string\"}}],\"inLanguage\":\"fr-FR\"},{\"@type\":\"Organization\",\"@id\":\"https:\\\/\\\/guidesi.ch\\\/#organization\",\"name\":\"GuideSi\",\"url\":\"https:\\\/\\\/guidesi.ch\\\/\",\"logo\":{\"@type\":\"ImageObject\",\"inLanguage\":\"fr-FR\",\"@id\":\"https:\\\/\\\/guidesi.ch\\\/#\\\/schema\\\/logo\\\/image\\\/\",\"url\":\"https:\\\/\\\/guidesi.ch\\\/2023\\\/wp-content\\\/uploads\\\/2023\\\/09\\\/400x120_guidesi_logo.png\",\"contentUrl\":\"https:\\\/\\\/guidesi.ch\\\/2023\\\/wp-content\\\/uploads\\\/2023\\\/09\\\/400x120_guidesi_logo.png\",\"width\":400,\"height\":120,\"caption\":\"GuideSi\"},\"image\":{\"@id\":\"https:\\\/\\\/guidesi.ch\\\/#\\\/schema\\\/logo\\\/image\\\/\"}}]}<\/script>\n<!-- \/ Yoast SEO plugin. -->","yoast_head_json":{"title":"Visite turistiche guidate nella Svizzera Italiana","description":"Visites guid\u00e9es en Suisse italienne, au Tessin et en Mesolcina, avec des guides touristiques professionnelles. Lugano-Locarno-Bellinzona-Mendrisio-sites UNESCO-vall\u00e9es alpines.","robots":{"index":"index","follow":"follow","max-snippet":"max-snippet:-1","max-image-preview":"max-image-preview:large","max-video-preview":"max-video-preview:-1"},"canonical":"https:\/\/guidesi.ch\/visite-guidate\/","og_locale":"fr_FR","og_type":"article","og_title":"Visite turistiche guidate nella Svizzera Italiana","og_description":"Visites guid\u00e9es en Suisse italienne, au Tessin et en Mesolcina, avec des guides touristiques professionnelles. Lugano-Locarno-Bellinzona-Mendrisio-sites UNESCO-vall\u00e9es alpines.","og_url":"https:\/\/guidesi.ch\/visite-guidate\/","og_site_name":"GuideSi","article_modified_time":"2023-09-28T08:22:11+00:00","twitter_card":"summary_large_image","twitter_misc":{"Dur\u00e9e de lecture estim\u00e9e":"1 minute"},"schema":{"@context":"https:\/\/schema.org","@graph":[{"@type":"WebPage","@id":"https:\/\/guidesi.ch\/visite-guidate\/","url":"https:\/\/guidesi.ch\/visite-guidate\/","name":"Visite turistiche guidate nella Svizzera Italiana","isPartOf":{"@id":"https:\/\/guidesi.ch\/#website"},"datePublished":"2023-09-20T16:32:49+00:00","dateModified":"2023-09-28T08:22:11+00:00","description":"Visites guid\u00e9es en Suisse italienne, au Tessin et en Mesolcina, avec des guides touristiques professionnelles. Lugano-Locarno-Bellinzona-Mendrisio-sites UNESCO-vall\u00e9es alpines.","breadcrumb":{"@id":"https:\/\/guidesi.ch\/visite-guidate\/#breadcrumb"},"inLanguage":"fr-FR","potentialAction":[{"@type":"ReadAction","target":["https:\/\/guidesi.ch\/visite-guidate\/"]}]},{"@type":"BreadcrumbList","@id":"https:\/\/guidesi.ch\/visite-guidate\/#breadcrumb","itemListElement":[{"@type":"ListItem","position":1,"name":"Home","item":"https:\/\/guidesi.ch\/"},{"@type":"ListItem","position":2,"name":"VISITES GUIDEES"}]},{"@type":"WebSite","@id":"https:\/\/guidesi.ch\/#website","url":"https:\/\/guidesi.ch\/","name":"GuideSi","description":"Guide Turistiche della Svizzera Italiana","publisher":{"@id":"https:\/\/guidesi.ch\/#organization"},"potentialAction":[{"@type":"SearchAction","target":{"@type":"EntryPoint","urlTemplate":"https:\/\/guidesi.ch\/?s={search_term_string}"},"query-input":{"@type":"PropertyValueSpecification","valueRequired":true,"valueName":"search_term_string"}}],"inLanguage":"fr-FR"},{"@type":"Organization","@id":"https:\/\/guidesi.ch\/#organization","name":"GuideSi","url":"https:\/\/guidesi.ch\/","logo":{"@type":"ImageObject","inLanguage":"fr-FR","@id":"https:\/\/guidesi.ch\/#\/schema\/logo\/image\/","url":"https:\/\/guidesi.ch\/2023\/wp-content\/uploads\/2023\/09\/400x120_guidesi_logo.png","contentUrl":"https:\/\/guidesi.ch\/2023\/wp-content\/uploads\/2023\/09\/400x120_guidesi_logo.png","width":400,"height":120,"caption":"GuideSi"},"image":{"@id":"https:\/\/guidesi.ch\/#\/schema\/logo\/image\/"}}]}},"_links":{"self":[{"href":"https:\/\/guidesi.ch\/fr\/wp-json\/wp\/v2\/pages\/1218","targetHints":{"allow":["GET"]}}],"collection":[{"href":"https:\/\/guidesi.ch\/fr\/wp-json\/wp\/v2\/pages"}],"about":[{"href":"https:\/\/guidesi.ch\/fr\/wp-json\/wp\/v2\/types\/page"}],"author":[{"embeddable":true,"href":"https:\/\/guidesi.ch\/fr\/wp-json\/wp\/v2\/users\/1"}],"replies":[{"embeddable":true,"href":"https:\/\/guidesi.ch\/fr\/wp-json\/wp\/v2\/comments?post=1218"}],"version-history":[{"count":7,"href":"https:\/\/guidesi.ch\/fr\/wp-json\/wp\/v2\/pages\/1218\/revisions"}],"predecessor-version":[{"id":3751,"href":"https:\/\/guidesi.ch\/fr\/wp-json\/wp\/v2\/pages\/1218\/revisions\/3751"}],"wp:attachment":[{"href":"https:\/\/guidesi.ch\/fr\/wp-json\/wp\/v2\/media?parent=1218"}],"curies":[{"name":"wp","href":"https:\/\/api.w.org\/{rel}","templated":true}]}}