{"id":1493,"date":"2023-09-22T15:03:57","date_gmt":"2023-09-22T15:03:57","guid":{"rendered":"https:\/\/guidesi.ch\/2023\/lugano-et-alentours\/"},"modified":"2023-09-26T16:39:12","modified_gmt":"2023-09-26T16:39:12","slug":"lugano-et-alentours","status":"publish","type":"page","link":"https:\/\/guidesi.ch\/fr\/lugano-et-alentours\/","title":{"rendered":"LUGANO ET ALENTOURS"},"content":{"rendered":"\t\t<div data-elementor-type=\"wp-page\" data-elementor-id=\"1493\" class=\"elementor elementor-1493 elementor-1450\" data-elementor-post-type=\"page\">\n\t\t\t\t<div class=\"elementor-element elementor-element-382e35a7 e-flex e-con-boxed e-con e-parent\" data-id=\"382e35a7\" data-element_type=\"container\" data-e-type=\"container\">\n\t\t\t\t\t<div class=\"e-con-inner\">\n\t\t\t\t<div class=\"elementor-element elementor-element-c560685 elementor-widget elementor-widget-image\" data-id=\"c560685\" data-element_type=\"widget\" data-e-type=\"widget\" data-widget_type=\"image.default\">\n\t\t\t\t<div class=\"elementor-widget-container\">\n\t\t\t\t\t\t\t\t\t\t\t\t\t\t\t<img fetchpriority=\"high\" decoding=\"async\" width=\"1400\" height=\"700\" src=\"https:\/\/guidesi.ch\/2023\/wp-content\/uploads\/2023\/09\/1400x700_territorio_lugano_paradiso-1.jpg\" class=\"attachment-full size-full wp-image-1458\" alt=\"\" srcset=\"https:\/\/guidesi.ch\/2023\/wp-content\/uploads\/2023\/09\/1400x700_territorio_lugano_paradiso-1.jpg 1400w, https:\/\/guidesi.ch\/2023\/wp-content\/uploads\/2023\/09\/1400x700_territorio_lugano_paradiso-1-300x150.jpg 300w, https:\/\/guidesi.ch\/2023\/wp-content\/uploads\/2023\/09\/1400x700_territorio_lugano_paradiso-1-1024x512.jpg 1024w, https:\/\/guidesi.ch\/2023\/wp-content\/uploads\/2023\/09\/1400x700_territorio_lugano_paradiso-1-768x384.jpg 768w\" sizes=\"(max-width: 1400px) 100vw, 1400px\" \/>\t\t\t\t\t\t\t\t\t\t\t\t\t\t\t<\/div>\n\t\t\t\t<\/div>\n\t\t\t\t\t<\/div>\n\t\t\t\t<\/div>\n\t\t<div class=\"elementor-element elementor-element-7bfbc2ea e-flex e-con-boxed e-con e-parent\" data-id=\"7bfbc2ea\" data-element_type=\"container\" data-e-type=\"container\">\n\t\t\t\t\t<div class=\"e-con-inner\">\n\t\t\t\t<div class=\"elementor-element elementor-element-7c6baa1e elementor-widget elementor-widget-text-editor\" data-id=\"7c6baa1e\" data-element_type=\"widget\" data-e-type=\"widget\" data-widget_type=\"text-editor.default\">\n\t\t\t\t<div class=\"elementor-widget-container\">\n\t\t\t\t\t\t\t\t\t<p>Pass\u00e9e en moins de deux si\u00e8cles d\u2019un simple village de p\u00eacheurs \u00e0 la plus grande ville italophone hors de l\u2019Italie, Lugano est une petite ville, o\u00f9 la vie s\u2019\u00e9coule de fa\u00e7on oppos\u00e9e entre la tranquillit\u00e9 de la beaut\u00e9 du paysage et la fr\u00e9n\u00e9sie du monde financier. Au-del\u00e0 de ses \u00e9glises de la Renaissance, elle dispose d\u2019un centre culturel moderne, si\u00e8ge du mus\u00e9e d\u2019art et d\u2019un th\u00e9\u00e2tre\/salle \u00e0 concerts avec une acoustique qui n\u2019a rien \u00e0 envier aux salles plus renomm\u00e9es des grandes villes europ\u00e9ennes. Sans oublier sa fameuse Via Nassa, la rue des belles et luxueuses boutiques, paradis des achats.  <\/p>\n\t\t\t\t\t\t\t\t<\/div>\n\t\t\t\t<\/div>\n\t\t\t\t\t<\/div>\n\t\t\t\t<\/div>\n\t\t<div class=\"elementor-element elementor-element-710d75ad e-flex e-con-boxed e-con e-parent\" data-id=\"710d75ad\" data-element_type=\"container\" data-e-type=\"container\">\n\t\t\t\t\t<div class=\"e-con-inner\">\n\t\t\t\t\t<\/div>\n\t\t\t\t<\/div>\n\t\t\t\t<\/div>\n\t\t","protected":false},"excerpt":{"rendered":"<p>Pass\u00e9e en moins de deux si\u00e8cles d\u2019un simple village de p\u00eacheurs \u00e0 la plus grande ville italophone hors de l\u2019Italie, Lugano est une petite ville, o\u00f9 la vie s\u2019\u00e9coule de fa\u00e7on oppos\u00e9e entre la tranquillit\u00e9 de la beaut\u00e9 du paysage et la fr\u00e9n\u00e9sie du monde financier. Au-del\u00e0 de ses \u00e9glises de la Renaissance, elle dispose [&hellip;]<\/p>\n","protected":false},"author":1,"featured_media":0,"parent":0,"menu_order":0,"comment_status":"closed","ping_status":"closed","template":"","meta":{"site-sidebar-layout":"no-sidebar","site-content-layout":"","ast-site-content-layout":"default","site-content-style":"default","site-sidebar-style":"default","ast-global-header-display":"","ast-banner-title-visibility":"","ast-main-header-display":"","ast-hfb-above-header-display":"","ast-hfb-below-header-display":"","ast-hfb-mobile-header-display":"","site-post-title":"disabled","ast-breadcrumbs-content":"","ast-featured-img":"disabled","footer-sml-layout":"","ast-disable-related-posts":"","theme-transparent-header-meta":"","adv-header-id-meta":"","stick-header-meta":"","header-above-stick-meta":"","header-main-stick-meta":"","header-below-stick-meta":"","astra-migrate-meta-layouts":"default","ast-page-background-enabled":"default","ast-page-background-meta":{"desktop":{"background-color":"var(--ast-global-color-4)","background-image":"","background-repeat":"repeat","background-position":"center center","background-size":"auto","background-attachment":"scroll","background-type":"","background-media":"","overlay-type":"","overlay-color":"","overlay-opacity":"","overlay-gradient":""},"tablet":{"background-color":"","background-image":"","background-repeat":"repeat","background-position":"center center","background-size":"auto","background-attachment":"scroll","background-type":"","background-media":"","overlay-type":"","overlay-color":"","overlay-opacity":"","overlay-gradient":""},"mobile":{"background-color":"","background-image":"","background-repeat":"repeat","background-position":"center center","background-size":"auto","background-attachment":"scroll","background-type":"","background-media":"","overlay-type":"","overlay-color":"","overlay-opacity":"","overlay-gradient":""}},"ast-content-background-meta":{"desktop":{"background-color":"var(--ast-global-color-5)","background-image":"","background-repeat":"repeat","background-position":"center center","background-size":"auto","background-attachment":"scroll","background-type":"","background-media":"","overlay-type":"","overlay-color":"","overlay-opacity":"","overlay-gradient":""},"tablet":{"background-color":"var(--ast-global-color-5)","background-image":"","background-repeat":"repeat","background-position":"center center","background-size":"auto","background-attachment":"scroll","background-type":"","background-media":"","overlay-type":"","overlay-color":"","overlay-opacity":"","overlay-gradient":""},"mobile":{"background-color":"var(--ast-global-color-5)","background-image":"","background-repeat":"repeat","background-position":"center center","background-size":"auto","background-attachment":"scroll","background-type":"","background-media":"","overlay-type":"","overlay-color":"","overlay-opacity":"","overlay-gradient":""}},"footnotes":""},"class_list":["post-1493","page","type-page","status-publish","hentry"],"yoast_head":"<!-- This site is optimized with the Yoast SEO plugin v27.4 - https:\/\/yoast.com\/product\/yoast-seo-wordpress\/ -->\n<title>Le territoire de la Suisse italienne : Lugano et ses environs<\/title>\n<meta name=\"description\" content=\"Visites guid\u00e9es et excursions \u00e0 Lugano et dans les environs, en Suisse italienne.\" \/>\n<meta name=\"robots\" content=\"index, follow, max-snippet:-1, max-image-preview:large, max-video-preview:-1\" \/>\n<link rel=\"canonical\" href=\"https:\/\/guidesi.ch\/visite-guidate-lugano-e-dintorni\/\" \/>\n<meta property=\"og:locale\" content=\"fr_FR\" \/>\n<meta property=\"og:type\" content=\"article\" \/>\n<meta property=\"og:title\" content=\"Le territoire de la Suisse italienne : Lugano et ses environs\" \/>\n<meta property=\"og:description\" content=\"Visites guid\u00e9es et excursions \u00e0 Lugano et dans les environs, en Suisse italienne.\" \/>\n<meta property=\"og:url\" content=\"https:\/\/guidesi.ch\/visite-guidate-lugano-e-dintorni\/\" \/>\n<meta property=\"og:site_name\" content=\"GuideSi\" \/>\n<meta property=\"article:modified_time\" content=\"2023-09-26T16:39:12+00:00\" \/>\n<meta property=\"og:image\" content=\"https:\/\/guidesi.ch\/2023\/wp-content\/uploads\/2023\/09\/1400x700_territorio_lugano_paradiso-1.jpg\" \/>\n<meta name=\"twitter:card\" content=\"summary_large_image\" \/>\n<meta name=\"twitter:label1\" content=\"Dur\u00e9e de lecture estim\u00e9e\" \/>\n\t<meta name=\"twitter:data1\" content=\"1 minute\" \/>\n<script type=\"application\/ld+json\" class=\"yoast-schema-graph\">{\"@context\":\"https:\\\/\\\/schema.org\",\"@graph\":[{\"@type\":\"WebPage\",\"@id\":\"https:\\\/\\\/guidesi.ch\\\/visite-guidate-lugano-e-dintorni\\\/\",\"url\":\"https:\\\/\\\/guidesi.ch\\\/visite-guidate-lugano-e-dintorni\\\/\",\"name\":\"Le territoire de la Suisse italienne : Lugano et ses environs\",\"isPartOf\":{\"@id\":\"https:\\\/\\\/guidesi.ch\\\/#website\"},\"primaryImageOfPage\":{\"@id\":\"https:\\\/\\\/guidesi.ch\\\/visite-guidate-lugano-e-dintorni\\\/#primaryimage\"},\"image\":{\"@id\":\"https:\\\/\\\/guidesi.ch\\\/visite-guidate-lugano-e-dintorni\\\/#primaryimage\"},\"thumbnailUrl\":\"https:\\\/\\\/guidesi.ch\\\/2023\\\/wp-content\\\/uploads\\\/2023\\\/09\\\/1400x700_territorio_lugano_paradiso-1.jpg\",\"datePublished\":\"2023-09-22T15:03:57+00:00\",\"dateModified\":\"2023-09-26T16:39:12+00:00\",\"description\":\"Visites guid\u00e9es et excursions \u00e0 Lugano et dans les environs, en Suisse italienne.\",\"breadcrumb\":{\"@id\":\"https:\\\/\\\/guidesi.ch\\\/visite-guidate-lugano-e-dintorni\\\/#breadcrumb\"},\"inLanguage\":\"fr-FR\",\"potentialAction\":[{\"@type\":\"ReadAction\",\"target\":[\"https:\\\/\\\/guidesi.ch\\\/visite-guidate-lugano-e-dintorni\\\/\"]}]},{\"@type\":\"ImageObject\",\"inLanguage\":\"fr-FR\",\"@id\":\"https:\\\/\\\/guidesi.ch\\\/visite-guidate-lugano-e-dintorni\\\/#primaryimage\",\"url\":\"https:\\\/\\\/guidesi.ch\\\/2023\\\/wp-content\\\/uploads\\\/2023\\\/09\\\/1400x700_territorio_lugano_paradiso-1.jpg\",\"contentUrl\":\"https:\\\/\\\/guidesi.ch\\\/2023\\\/wp-content\\\/uploads\\\/2023\\\/09\\\/1400x700_territorio_lugano_paradiso-1.jpg\"},{\"@type\":\"BreadcrumbList\",\"@id\":\"https:\\\/\\\/guidesi.ch\\\/visite-guidate-lugano-e-dintorni\\\/#breadcrumb\",\"itemListElement\":[{\"@type\":\"ListItem\",\"position\":1,\"name\":\"Home\",\"item\":\"https:\\\/\\\/guidesi.ch\\\/\"},{\"@type\":\"ListItem\",\"position\":2,\"name\":\"LUGANO ET ALENTOURS\"}]},{\"@type\":\"WebSite\",\"@id\":\"https:\\\/\\\/guidesi.ch\\\/#website\",\"url\":\"https:\\\/\\\/guidesi.ch\\\/\",\"name\":\"GuideSi\",\"description\":\"Guide Turistiche della Svizzera Italiana\",\"publisher\":{\"@id\":\"https:\\\/\\\/guidesi.ch\\\/#organization\"},\"potentialAction\":[{\"@type\":\"SearchAction\",\"target\":{\"@type\":\"EntryPoint\",\"urlTemplate\":\"https:\\\/\\\/guidesi.ch\\\/?s={search_term_string}\"},\"query-input\":{\"@type\":\"PropertyValueSpecification\",\"valueRequired\":true,\"valueName\":\"search_term_string\"}}],\"inLanguage\":\"fr-FR\"},{\"@type\":\"Organization\",\"@id\":\"https:\\\/\\\/guidesi.ch\\\/#organization\",\"name\":\"GuideSi\",\"url\":\"https:\\\/\\\/guidesi.ch\\\/\",\"logo\":{\"@type\":\"ImageObject\",\"inLanguage\":\"fr-FR\",\"@id\":\"https:\\\/\\\/guidesi.ch\\\/#\\\/schema\\\/logo\\\/image\\\/\",\"url\":\"https:\\\/\\\/guidesi.ch\\\/2023\\\/wp-content\\\/uploads\\\/2023\\\/09\\\/400x120_guidesi_logo.png\",\"contentUrl\":\"https:\\\/\\\/guidesi.ch\\\/2023\\\/wp-content\\\/uploads\\\/2023\\\/09\\\/400x120_guidesi_logo.png\",\"width\":400,\"height\":120,\"caption\":\"GuideSi\"},\"image\":{\"@id\":\"https:\\\/\\\/guidesi.ch\\\/#\\\/schema\\\/logo\\\/image\\\/\"}}]}<\/script>\n<!-- \/ Yoast SEO plugin. -->","yoast_head_json":{"title":"Le territoire de la Suisse italienne : Lugano et ses environs","description":"Visites guid\u00e9es et excursions \u00e0 Lugano et dans les environs, en Suisse italienne.","robots":{"index":"index","follow":"follow","max-snippet":"max-snippet:-1","max-image-preview":"max-image-preview:large","max-video-preview":"max-video-preview:-1"},"canonical":"https:\/\/guidesi.ch\/visite-guidate-lugano-e-dintorni\/","og_locale":"fr_FR","og_type":"article","og_title":"Le territoire de la Suisse italienne : Lugano et ses environs","og_description":"Visites guid\u00e9es et excursions \u00e0 Lugano et dans les environs, en Suisse italienne.","og_url":"https:\/\/guidesi.ch\/visite-guidate-lugano-e-dintorni\/","og_site_name":"GuideSi","article_modified_time":"2023-09-26T16:39:12+00:00","og_image":[{"url":"https:\/\/guidesi.ch\/2023\/wp-content\/uploads\/2023\/09\/1400x700_territorio_lugano_paradiso-1.jpg","type":"","width":"","height":""}],"twitter_card":"summary_large_image","twitter_misc":{"Dur\u00e9e de lecture estim\u00e9e":"1 minute"},"schema":{"@context":"https:\/\/schema.org","@graph":[{"@type":"WebPage","@id":"https:\/\/guidesi.ch\/visite-guidate-lugano-e-dintorni\/","url":"https:\/\/guidesi.ch\/visite-guidate-lugano-e-dintorni\/","name":"Le territoire de la Suisse italienne : Lugano et ses environs","isPartOf":{"@id":"https:\/\/guidesi.ch\/#website"},"primaryImageOfPage":{"@id":"https:\/\/guidesi.ch\/visite-guidate-lugano-e-dintorni\/#primaryimage"},"image":{"@id":"https:\/\/guidesi.ch\/visite-guidate-lugano-e-dintorni\/#primaryimage"},"thumbnailUrl":"https:\/\/guidesi.ch\/2023\/wp-content\/uploads\/2023\/09\/1400x700_territorio_lugano_paradiso-1.jpg","datePublished":"2023-09-22T15:03:57+00:00","dateModified":"2023-09-26T16:39:12+00:00","description":"Visites guid\u00e9es et excursions \u00e0 Lugano et dans les environs, en Suisse italienne.","breadcrumb":{"@id":"https:\/\/guidesi.ch\/visite-guidate-lugano-e-dintorni\/#breadcrumb"},"inLanguage":"fr-FR","potentialAction":[{"@type":"ReadAction","target":["https:\/\/guidesi.ch\/visite-guidate-lugano-e-dintorni\/"]}]},{"@type":"ImageObject","inLanguage":"fr-FR","@id":"https:\/\/guidesi.ch\/visite-guidate-lugano-e-dintorni\/#primaryimage","url":"https:\/\/guidesi.ch\/2023\/wp-content\/uploads\/2023\/09\/1400x700_territorio_lugano_paradiso-1.jpg","contentUrl":"https:\/\/guidesi.ch\/2023\/wp-content\/uploads\/2023\/09\/1400x700_territorio_lugano_paradiso-1.jpg"},{"@type":"BreadcrumbList","@id":"https:\/\/guidesi.ch\/visite-guidate-lugano-e-dintorni\/#breadcrumb","itemListElement":[{"@type":"ListItem","position":1,"name":"Home","item":"https:\/\/guidesi.ch\/"},{"@type":"ListItem","position":2,"name":"LUGANO ET ALENTOURS"}]},{"@type":"WebSite","@id":"https:\/\/guidesi.ch\/#website","url":"https:\/\/guidesi.ch\/","name":"GuideSi","description":"Guide Turistiche della Svizzera Italiana","publisher":{"@id":"https:\/\/guidesi.ch\/#organization"},"potentialAction":[{"@type":"SearchAction","target":{"@type":"EntryPoint","urlTemplate":"https:\/\/guidesi.ch\/?s={search_term_string}"},"query-input":{"@type":"PropertyValueSpecification","valueRequired":true,"valueName":"search_term_string"}}],"inLanguage":"fr-FR"},{"@type":"Organization","@id":"https:\/\/guidesi.ch\/#organization","name":"GuideSi","url":"https:\/\/guidesi.ch\/","logo":{"@type":"ImageObject","inLanguage":"fr-FR","@id":"https:\/\/guidesi.ch\/#\/schema\/logo\/image\/","url":"https:\/\/guidesi.ch\/2023\/wp-content\/uploads\/2023\/09\/400x120_guidesi_logo.png","contentUrl":"https:\/\/guidesi.ch\/2023\/wp-content\/uploads\/2023\/09\/400x120_guidesi_logo.png","width":400,"height":120,"caption":"GuideSi"},"image":{"@id":"https:\/\/guidesi.ch\/#\/schema\/logo\/image\/"}}]}},"_links":{"self":[{"href":"https:\/\/guidesi.ch\/fr\/wp-json\/wp\/v2\/pages\/1493","targetHints":{"allow":["GET"]}}],"collection":[{"href":"https:\/\/guidesi.ch\/fr\/wp-json\/wp\/v2\/pages"}],"about":[{"href":"https:\/\/guidesi.ch\/fr\/wp-json\/wp\/v2\/types\/page"}],"author":[{"embeddable":true,"href":"https:\/\/guidesi.ch\/fr\/wp-json\/wp\/v2\/users\/1"}],"replies":[{"embeddable":true,"href":"https:\/\/guidesi.ch\/fr\/wp-json\/wp\/v2\/comments?post=1493"}],"version-history":[{"count":2,"href":"https:\/\/guidesi.ch\/fr\/wp-json\/wp\/v2\/pages\/1493\/revisions"}],"predecessor-version":[{"id":1544,"href":"https:\/\/guidesi.ch\/fr\/wp-json\/wp\/v2\/pages\/1493\/revisions\/1544"}],"wp:attachment":[{"href":"https:\/\/guidesi.ch\/fr\/wp-json\/wp\/v2\/media?parent=1493"}],"curies":[{"name":"wp","href":"https:\/\/api.w.org\/{rel}","templated":true}]}}